{"id":1037,"date":"2018-03-14T18:01:34","date_gmt":"2018-03-14T18:01:34","guid":{"rendered":"http:\/\/airborne.geophysicsgpr.com\/fr\/new-homepage\/"},"modified":"2019-05-13T14:50:06","modified_gmt":"2019-05-13T14:50:06","slug":"accueil-2","status":"publish","type":"page","link":"https:\/\/airborne.geophysicsgpr.com\/fr\/","title":{"rendered":"Accueil"},"content":{"rendered":"<div id=\"pl-1037\"  class=\"panel-layout\" ><div id=\"pg-1037-0\"  class=\"panel-grid panel-has-style\" ><div class=\"siteorigin-panels-stretch panel-row-style panel-row-style-for-1037-0\" data-stretch-type=\"full\" ><div id=\"pgc-1037-0-0\"  class=\"panel-grid-cell\" ><div id=\"panel-1037-0-0-0\" class=\"so-panel widget widget_siteorigin-panels-builder panel-first-child panel-last-child\" data-index=\"0\" ><div class=\"panel-widget-style panel-widget-style-for-1037-0-0-0\" ><div id=\"pl-w5b0b5d75acab5\"  class=\"panel-layout\" ><div id=\"pg-w5b0b5d75acab5-0\"  class=\"panel-grid panel-has-style\" ><div class=\"container panel-row-style panel-row-style-for-w5b0b5d75acab5-0\" ><div id=\"pgc-w5b0b5d75acab5-0-0\"  class=\"panel-grid-cell\" ><div id=\"panel-w5b0b5d75acab5-0-0-0\" class=\"so-panel widget widget_sow-editor panel-first-child panel-last-child\" data-index=\"0\" ><div class=\"panel-widget-style panel-widget-style-for-w5b0b5d75acab5-0-0-0\" ><div\n\t\t\t\n\t\t\tclass=\"so-widget-sow-editor so-widget-sow-editor-base\"\n\t\t\t\n\t\t>\n<div class=\"siteorigin-widget-tinymce textwidget\">\n\t<h2 class=\"newhomeh2\" style=\"text-transform:none\">G\u00e9ophysique GPR offre des services de lev\u00e9s g\u00e9ophysiques a\u00e9roport\u00e9s, marins et terrestres pour des clients au Canada et ailleurs dans le monde.<\/h2>\n<h2 class=\"newhomeh2\" style=\"color: #fa4c06;font-size: 23px;text-transform:none\">Apprenez-en plus sur nos op\u00e9rations a\u00e9roport\u00e9es et h\u00e9liport\u00e9es.<\/h2>\n<div style=\"background-color: #fa4c06; width: 200px; height: 8px;\"><\/div>\n\n\n<\/div>\n<\/div><\/div><\/div><\/div><div id=\"pgc-w5b0b5d75acab5-0-1\"  class=\"panel-grid-cell\" ><div id=\"panel-w5b0b5d75acab5-0-1-0\" class=\"so-panel widget widget_sow-editor panel-first-child panel-last-child\" data-index=\"1\" ><div class=\"panel-widget-style panel-widget-style-for-w5b0b5d75acab5-0-1-0\" ><div\n\t\t\t\n\t\t\tclass=\"so-widget-sow-editor so-widget-sow-editor-base\"\n\t\t\t\n\t\t>\n<div class=\"siteorigin-widget-tinymce textwidget\">\n\t<div style=\"text-align: center;\"><img decoding=\"async\" class=\"alignright\" style=\"width: 75px;\" src=\"http:\/\/geophysicsgpr.com\/wp-content\/themes\/theme-geophysics\/images\/gpr-airborne-ico_blue.svg\" alt=\"G\u00e9ophysique A\u00e9roport\u00e9e\" title=\"G\u00e9ophysique A\u00e9roport\u00e9e\" \/><\/div><\/div>\n<\/div><\/div><\/div><\/div><\/div><\/div><\/div><\/div><\/div><\/div><\/div><\/div><div id=\"pg-1037-1\"  class=\"panel-grid panel-no-style\" ><div id=\"pgc-1037-1-0\"  class=\"panel-grid-cell\" ><div id=\"panel-1037-1-0-0\" class=\"so-panel widget widget_sow-editor panel-first-child panel-last-child\" data-index=\"1\" ><div\n\t\t\t\n\t\t\tclass=\"so-widget-sow-editor so-widget-sow-editor-base\"\n\t\t\t\n\t\t>\n<div class=\"siteorigin-widget-tinymce textwidget\">\n\t<div id=\"wondercarousellightbox_options\" data-skinsfoldername=\"\"  data-jsfolder=\"https:\/\/airborne.geophysicsgpr.com\/wp-content\/plugins\/wonderplugin-carousel\/engine\/\" style=\"display:none;\"><\/div>\r\n<style type=\"text\/css\">@import url(https:\/\/fonts.googleapis.com\/css?family=Open+Sans);  #wonderplugincarousel-4 .amazingcarousel-image {\t \tposition: relative; \tpadding: 0px; }  #wonderplugincarousel-4 .amazingcarousel-image img { \tdisplay: block; \twidth: 100%; \tmax-width: 100%; \tborder: 0; \tmargin: 0; \tpadding: 0; \t-moz-border-radius: 4px; \t-webkit-border-radius: 4px; \tborder-radius: 4px; \t-moz-box-shadow:  0 1px 4px rgba(0, 0, 0, 0.2); \t-webkit-box-shadow: 0 1px 4px rgba(0, 0, 0, 0.2); \tbox-shadow: 0 1px 4px rgba(0, 0, 0, 0.2); }  #wonderplugincarousel-4 .amazingcarousel-title { \tposition:absolute;         z-index:999;         top:0; \tfont:16px \"Open Sans\", sans-serif; \tcolor:#FFFFFF;         width:98%;         border-top-left-radius:4px;         border-top-right-radius:4px;         padding-top:15px;         padding-bottom:15px;         background-color:#fa4c06; \tmargin:6px; \ttext-align:center;         margin-left:0;         margin-top:4px       }  #wonderplugincarousel-4 .amazingcarousel-list-container {  \tpadding: 16px 0; }  #wonderplugincarousel-4 .amazingcarousel-item-container { \ttext-align: center; \tpadding: 4px; }  #wonderplugincarousel-4 .amazingcarousel-prev { \tleft: 0%; \ttop: 45%; \tmargin-left: -45px; \tmargin-top: -9px; }  #wonderplugincarousel-4 .amazingcarousel-next { \tright: 0%; \ttop: 45%; \tmargin-right: -45px; \tmargin-top: -9px; }  @media (max-width: 400px){ #wonderplugincarousel-4 .amazingcarousel-prev { \tdisplay: none!important; }  #wonderplugincarousel-4 .amazingcarousel-next { \tdisplay: none!important; } }  #wonderplugincarousel-4 .amazingcarousel-nav { \tposition: absolute; \twidth: 100%; \ttop: 100%; }  #wonderplugincarousel-4 .amazingcarousel-bullet-wrapper { \tmargin: 4px auto; }<\/style><div class=\"wonderplugincarousel\" id=\"wonderplugincarousel-4\" data-carouselid=\"4\" data-width=\"375\" data-height=\"340\" data-skin=\"simplicity\" data-autoplay=\"true\" data-random=\"false\" data-circular=\"true\" data-pauseonmouseover=\"true\" data-continuous=\"false\" data-responsive=\"true\" data-showhoveroverlay=\"false\" data-showhoveroverlayalways=\"false\" data-lightboxresponsive=\"true\" data-lightboxshownavigation=\"false\" data-lightboxnogroup=\"false\" data-lightboxshowtitle=\"true\" data-lightboxshowdescription=\"false\" data-usescreenquery=\"false\" data-donotinit=\"false\" data-addinitscript=\"false\" data-rownumber=\"1\" data-visibleitems=\"3\" data-arrowstyle=\"always\" data-arrowimage=\"arrows-32-32-2.png\" data-arrowwidth=\"32\" data-arrowheight=\"32\" data-navstyle=\"none\" data-navimage=\"bullet-16-16-0.png\" data-navwidth=\"16\" data-navheight=\"16\" data-navspacing=\"8\" data-hoveroverlayimage=\"hoveroverlay-64-64-6.png\" data-lightboxthumbwidth=\"90\" data-lightboxthumbheight=\"60\" data-lightboxthumbtopmargin=\"12\" data-lightboxthumbbottommargin=\"4\" data-lightboxbarheight=\"64\" data-lightboxtitlebottomcss=\"{color:#333; font-size:14px; font-family:Armata,sans-serif,Arial; overflow:hidden; text-align:left;}\" data-lightboxdescriptionbottomcss=\"{color:#333; font-size:12px; font-family:Arial,Helvetica,sans-serif; overflow:hidden; text-align:left; margin:4px 0px 0px; padding: 0px;}\" data-screenquery='{ \"tablet\": { \"screenwidth\": 900, \"visibleitems\": 2 }, \"mobile\": { \"screenwidth\": 600, \"visibleitems\": 1 } }' data-jsfolder=\"https:\/\/airborne.geophysicsgpr.com\/wp-content\/plugins\/wonderplugin-carousel\/engine\/\" style=\"display:none;position:relative;margin:0 auto;width:100%;max-width:1125px;\" ><div class=\"amazingcarousel-list-container\" style=\"overflow:hidden;\"><ul class=\"amazingcarousel-list\"><li class=\"amazingcarousel-item\"><div class=\"amazingcarousel-item-container\"><div class=\"amazingcarousel-image\"><a href=\"http:\/\/airborne.geophysicsgpr.com\/fr\/techniques\/electromagnetique-tdem-et-vlf\/\"><img decoding=\"async\" src=\"http:\/\/airborne.geophysicsgpr.com\/wp-content\/uploads\/sites\/8\/2015\/08\/DSCN0004.jpg\" alt=\"\u00c9lectromagn\u00e9tique ( TDEM et VLF )\" data-description=\"\u00c9lectromagn\u00e9tique ( TDEM et VLF )\" \/><\/a><\/div>\n<div class=\"amazingcarousel-title\">\u00c9lectromagn\u00e9tique ( TDEM et VLF )<\/div><\/div><\/li><li class=\"amazingcarousel-item\"><div class=\"amazingcarousel-item-container\"><div class=\"amazingcarousel-image\"><a href=\"http:\/\/airborne.geophysicsgpr.com\/fr\/techniques\/magnetometrie\/\"><img decoding=\"async\" src=\"http:\/\/airborne.geophysicsgpr.com\/wp-content\/uploads\/sites\/8\/2015\/08\/IMG_0598_WEB_en.jpg\" alt=\"Magn\u00e9tom\u00e9trie\" data-description=\"\" \/><\/a><\/div>\n<div class=\"amazingcarousel-title\">Magn\u00e9tom\u00e9trie<\/div><\/div><\/li><li class=\"amazingcarousel-item\"><div class=\"amazingcarousel-item-container\"><div class=\"amazingcarousel-image\"><a href=\"http:\/\/airborne.geophysicsgpr.com\/fr\/techniques\/spectrometrie-gamma\/\"><img decoding=\"async\" src=\"http:\/\/airborne.geophysicsgpr.com\/wp-content\/uploads\/sites\/8\/2015\/08\/IMG_0326.jpg\" alt=\"Spectrom\u00e9trie-Gamma\" data-description=\"\" \/><\/a><\/div>\n<div class=\"amazingcarousel-title\">Spectrom\u00e9trie-Gamma<\/div><\/div><\/li><li class=\"amazingcarousel-item\"><div class=\"amazingcarousel-item-container\"><div class=\"amazingcarousel-image\"><a href=\"http:\/\/airborne.geophysicsgpr.com\/fr\/techniques\/gravimetrie\/\"><img decoding=\"async\" src=\"http:\/\/airborne.geophysicsgpr.com\/wp-content\/uploads\/sites\/8\/2015\/08\/grav_heli_ajust.jpg\" alt=\"Gravim\u00e9trie\" data-description=\"Gravim\u00e9trie\" \/><\/a><\/div>\n<div class=\"amazingcarousel-title\">Gravim\u00e9trie<\/div><\/div><\/li><li class=\"amazingcarousel-item\"><div class=\"amazingcarousel-item-container\"><div class=\"amazingcarousel-image\"><a href=\"http:\/\/airborne.geophysicsgpr.com\/fr\/techniques\/bathymetrie-et-georadar-heliportes\/\"><img decoding=\"async\" src=\"http:\/\/airborne.geophysicsgpr.com\/wp-content\/uploads\/sites\/8\/2015\/08\/img-208162228-0001_ajust.jpg\" alt=\"Bathym\u00e9trie et g\u00e9oradar h\u00e9liport\u00e9s\" data-description=\"\" \/><\/a><\/div>\n<div class=\"amazingcarousel-title\">Bathym\u00e9trie et g\u00e9oradar h\u00e9liport\u00e9s<\/div><\/div><\/li><li class=\"amazingcarousel-item\"><div class=\"amazingcarousel-item-container\"><div class=\"amazingcarousel-image\"><a href=\"http:\/\/airborne.geophysicsgpr.com\/fr\/applications\/exploration-miniere\/\"><img decoding=\"async\" src=\"http:\/\/airborne.geophysicsgpr.com\/wp-content\/uploads\/sites\/8\/2015\/07\/P1000349_WEB.jpg\" alt=\"Exploration mini\u00e8re\" data-description=\"Airborne_technique_Stinger\" \/><\/a><\/div>\n<div class=\"amazingcarousel-title\">Exploration mini\u00e8re<\/div><\/div><\/li><li class=\"amazingcarousel-item\"><div class=\"amazingcarousel-item-container\"><div class=\"amazingcarousel-image\"><a href=\"http:\/\/airborne.geophysicsgpr.com\/fr\/applications\/exploration-gaziere-et-petroliere\/\"><img decoding=\"async\" src=\"http:\/\/airborne.geophysicsgpr.com\/wp-content\/uploads\/sites\/8\/2015\/08\/IMG_4412.jpg\" alt=\"Exploration gazi\u00e8re et petroli\u00e8re\" data-description=\"Exploration gazi\u00e8re et petroli\u00e8re\" \/><\/a><\/div>\n<div class=\"amazingcarousel-title\">Exploration gazi\u00e8re et petroli\u00e8re<\/div><\/div><\/li><li class=\"amazingcarousel-item\"><div class=\"amazingcarousel-item-container\"><div class=\"amazingcarousel-image\"><a href=\"http:\/\/airborne.geophysicsgpr.com\/fr\/applications\/environnement\/\"><img decoding=\"async\" src=\"http:\/\/airborne.geophysicsgpr.com\/wp-content\/uploads\/sites\/8\/2015\/08\/Baie-dungava-228.jpg\" alt=\"Environnement\" data-description=\"\" \/><\/a><\/div>\n<div class=\"amazingcarousel-title\">Environnement<\/div><\/div><\/li><li class=\"amazingcarousel-item\"><div class=\"amazingcarousel-item-container\"><div class=\"amazingcarousel-image\"><a href=\"http:\/\/airborne.geophysicsgpr.com\/fr\/applications\/geodesique\/\"><img decoding=\"async\" src=\"http:\/\/airborne.geophysicsgpr.com\/wp-content\/uploads\/sites\/8\/2015\/08\/DSCN0043.jpg\" alt=\"G\u00e9od\u00e9sique\" data-description=\"g\u00e9od\u00e9sique\" \/><\/a><\/div>\n<div class=\"amazingcarousel-title\">G\u00e9od\u00e9sique<\/div><\/div><\/li><li class=\"amazingcarousel-item\"><div class=\"amazingcarousel-item-container\"><div class=\"amazingcarousel-image\"><a href=\"http:\/\/airborne.geophysicsgpr.com\/fr\/applications\/geologie-et-geotechnique\/\"><img decoding=\"async\" src=\"http:\/\/airborne.geophysicsgpr.com\/wp-content\/uploads\/sites\/8\/2015\/07\/Geology-and-Geotechnics-studies.jpg\" alt=\"G\u00e9ologie et g\u00e9otechnique\" data-description=\"\" \/><\/a><\/div>\n<div class=\"amazingcarousel-title\">G\u00e9ologie et g\u00e9otechnique<\/div><\/div><\/li><\/ul><div class=\"amazingcarousel-prev\"><\/div><div class=\"amazingcarousel-next\"><\/div><\/div><div class=\"amazingcarousel-nav\"><\/div><div class=\"wonderplugin-engine\"><a href=\"http:\/\/www.wonderplugin.com\/wordpress-carousel\/\" title=\"Responsive WordPress Image Scroller Plugin\">Responsive WordPress Image Scroller Plugin<\/a><\/div><\/div>\n<\/div>\n<\/div><\/div><\/div><\/div><div id=\"pg-1037-2\"  class=\"panel-grid panel-has-style\" ><div class=\"container panel-row-style panel-row-style-for-1037-2\" ><div id=\"pgc-1037-2-0\"  class=\"panel-grid-cell\" ><div id=\"panel-1037-2-0-0\" class=\"so-panel widget widget_sow-editor panel-first-child panel-last-child\" data-index=\"2\" ><div\n\t\t\t\n\t\t\tclass=\"so-widget-sow-editor so-widget-sow-editor-base\"\n\t\t\t\n\t\t>\n<div class=\"siteorigin-widget-tinymce textwidget\">\n\t<p>G\u00e9ophysique GPR\u00a0est un chef de file en mati\u00e8re de capacit\u00e9 \u00e0 r\u00e9soudre les diff\u00e9rents probl\u00e8mes de nos clients gr\u00e2ce \u00e0 l'impressionnante diversit\u00e9 d'\u00e9quipements g\u00e9ophysiques que nous poss\u00e9dons, nous permettant de travailler sur l'eau, sur terre et m\u00eame dans les airs. En fait, nous sommes capables de vous fournir n'importe quel service g\u00e9ophysique qui serait n\u00e9cessaire \u00e0 vos besoins. G\u00e9ophysique GPR excelle autant dans la g\u00e9ophysique des ondes acoustiques, associ\u00e9e le plus souvent aux m\u00e9thodes classiques telles que la sismique r\u00e9fraction, des ondes \u00e9lectromagn\u00e9tiques aux champs potentiels.<\/p>\n<p>Nous poss\u00e8dons tout l'\u00e9quipement n\u00e9cessaire \u00e0 la\u00a0g\u00e9ophysique a\u00e9roport\u00e9e, mais n\u2019op\u00e9rant pas elle-m\u00eame des avions ou des h\u00e9licopt\u00e8res de relev\u00e9, nous comptons sur nos fid\u00e8les fournisseurs de services a\u00e9ronautiques locaux qui ont une longue exp\u00e9rience en\u00a0lev\u00e9s g\u00e9ophysiques. Ceci permet \u00e0 GPR de jouir partout dans le monde d'une collaboration\u00a0locale pr\u00e9cieuse tout en minimisant les co\u00fbts de mobilisation.<\/p>\n<p><strong>Les syst\u00e8mes propos\u00e9s par G\u00e9ophysique GPR incluent :<\/strong><\/p>\n<ul>\n<li><a style=\"color: #013ca6;\" href=\"https:\/\/airborne.geophysicsgpr.com\/fr\/techniques-geophysiques-aeroportees\/leve-aeromagnetique\/\">Lev\u00e9 a\u00e9romagn\u00e9tique;<\/a><\/li>\n<li><a style=\"color: #013ca6;\" href=\"https:\/\/airborne.geophysicsgpr.com\/fr\/techniques-geophysiques-aeroportees\/electromagnetique-tdem-et-vlf\/heliporte-time-domain-em-gprtem\/\">Lev\u00e9 \u00e9lectromagn\u00e9tique dans le domaine du temp (GPRTEM);<\/a><\/li>\n<li><a style=\"color: #013ca6;\" href=\"https:\/\/airborne.geophysicsgpr.com\/fr\/techniques-geophysiques-aeroportees\/electromagnetique-tdem-et-vlf\/\">Lev\u00e9 \u00e9lectromagn\u00e9tique dans le domaine de fr\u00e9quence (VLF-EM);<\/a><\/li>\n<li><a style=\"color: #013ca6;\" href=\"https:\/\/airborne.geophysicsgpr.com\/fr\/techniques-geophysiques-aeroportees\/spectrometrie-gamma\/\">Lev\u00e9 radiom\u00e9trique (spectrom\u00e9trie \u00e0 rayon-gamma);<\/a><\/li>\n<li><a style=\"color: #013ca6;\" href=\"https:\/\/airborne.geophysicsgpr.com\/fr\/techniques-geophysiques-aeroportees\/gravimetrie\/\">Lev\u00e9 gravim\u00e9trique;<\/a><\/li>\n<li><a style=\"color: #013ca6;\" href=\"https:\/\/airborne.geophysicsgpr.com\/fr\/techniques-geophysiques-aeroportees\/bathymetrie-et-georadar-heliportes\/\">Lev\u00e9 g\u00e9oradar.<\/a><\/li>\n<\/ul>\n<p><span style=\"color: #013ca6; font-size: 24px;\">RELEV\u00c9S A\u00c9ROPORT\u00c9S \u00c0 CAPTEURS MULTIPLES<\/span><br \/>\nNos services de lev\u00e9s a\u00e9roport\u00e9s comprennent des lev\u00e9s h\u00e9liport\u00e9s \u00e0 capteurs multiples. La s\u00e9lection des capteurs d\u00e9pend de l'a\u00e9ronef utilis\u00e9 et de l'application du lev\u00e9, que ce soit pour l'<a style=\"color: #013ca6;\" href=\"https:\/\/airborne.geophysicsgpr.com\/fr\/applications\/exploration-miniere\/\">exploration mini\u00e8re<\/a>,\u00a0<a style=\"color: #013ca6;\" href=\"https:\/\/airborne.geophysicsgpr.com\/fr\/applications\/exploration-gaziere-et-petroliere\/\">gazi\u00e8re, p\u00e9troli\u00e8re<\/a>\u00a0ou\u00a0le\u00a0<a style=\"color: #013ca6;\" href=\"https:\/\/airborne.geophysicsgpr.com\/fr\/applications\/geodesique\/\">d\u00e9veloppement d'un G\u00e9o\u00ecde<\/a>. Ces lev\u00e9s s'appliquent aussi \u00e0 la\u00a0d\u00e9tection de pipelines et des \u00e9tudes\u00a0<a style=\"color: #013ca6;\" href=\"https:\/\/airborne.geophysicsgpr.com\/fr\/applications\/environnement\/\">environnementales<\/a>\u00a0ou\u00a0<a style=\"color: #013ca6;\" href=\"https:\/\/airborne.geophysicsgpr.com\/fr\/applications\/geologie-et-geotechnique\/\">g\u00e9ologiques<\/a>.<\/p>\n<p>Pour plus d'informations, veuillez contacter notre\u00a0<a class=\"mail-link\" style=\"color: #013ca6;\" href=\"mailto:olivier.letourneau@geophysicsgpr.com,info@geophysicsgpr.com\">\u00c9quipe de lev\u00e9\u00a0A\u00e9roport\u00e9<\/a><\/p>\n<\/div>\n<\/div><\/div><\/div><\/div><\/div><\/div>","protected":false},"excerpt":{"rendered":"<p>G\u00e9ophysique GPR offre des services de lev\u00e9s g\u00e9ophysiques a\u00e9roport\u00e9s, marins et terrestres pour des clients au Canada et ailleurs dans le monde. Apprenez-en plus sur nos op\u00e9rations a\u00e9roport\u00e9es et h\u00e9liport\u00e9es. \u00c9lectromagn\u00e9tique ( TDEM et VLF ) Magn\u00e9tom\u00e9trie Spectrom\u00e9trie-Gamma Gravim\u00e9trie Bathym\u00e9trie et g\u00e9oradar h\u00e9liport\u00e9s Exploration mini\u00e8re Exploration gazi\u00e8re et petroli\u00e8re Environnement G\u00e9od\u00e9sique G\u00e9ologie et g\u00e9otechniqueResponsive WordPress&#8230;  <a href=\"https:\/\/airborne.geophysicsgpr.com\/fr\/\" class=\"more-link\" title=\"Read Accueil\">Read more &raquo;<\/a><\/p>\n","protected":false},"author":1,"featured_media":1042,"parent":0,"menu_order":0,"comment_status":"closed","ping_status":"closed","template":"page-new-homepage.php","meta":{"content-type":"","footnotes":""},"class_list":["post-1037","page","type-page","status-publish","has-post-thumbnail","hentry"],"_links":{"self":[{"href":"https:\/\/airborne.geophysicsgpr.com\/fr\/wp-json\/wp\/v2\/pages\/1037","targetHints":{"allow":["GET"]}}],"collection":[{"href":"https:\/\/airborne.geophysicsgpr.com\/fr\/wp-json\/wp\/v2\/pages"}],"about":[{"href":"https:\/\/airborne.geophysicsgpr.com\/fr\/wp-json\/wp\/v2\/types\/page"}],"author":[{"embeddable":true,"href":"https:\/\/airborne.geophysicsgpr.com\/fr\/wp-json\/wp\/v2\/users\/1"}],"replies":[{"embeddable":true,"href":"https:\/\/airborne.geophysicsgpr.com\/fr\/wp-json\/wp\/v2\/comments?post=1037"}],"version-history":[{"count":19,"href":"https:\/\/airborne.geophysicsgpr.com\/fr\/wp-json\/wp\/v2\/pages\/1037\/revisions"}],"predecessor-version":[{"id":1110,"href":"https:\/\/airborne.geophysicsgpr.com\/fr\/wp-json\/wp\/v2\/pages\/1037\/revisions\/1110"}],"wp:featuredmedia":[{"embeddable":true,"href":"https:\/\/airborne.geophysicsgpr.com\/fr\/wp-json\/wp\/v2\/media\/1042"}],"wp:attachment":[{"href":"https:\/\/airborne.geophysicsgpr.com\/fr\/wp-json\/wp\/v2\/media?parent=1037"}],"curies":[{"name":"wp","href":"https:\/\/api.w.org\/{rel}","templated":true}]}}