{"id":15,"date":"2015-07-22T14:16:19","date_gmt":"2015-07-22T14:16:19","guid":{"rendered":"http:\/\/airborne.geophysicsgpr.com\/?page_id=15"},"modified":"2021-03-01T20:47:58","modified_gmt":"2021-03-01T20:47:58","slug":"techniques","status":"publish","type":"page","link":"https:\/\/airborne.geophysicsgpr.com\/fr\/techniques\/","title":{"rendered":"Techniques"},"content":{"rendered":"<div id=\"pl-15\"  class=\"panel-layout\" ><div id=\"pg-15-0\"  class=\"panel-grid panel-has-style\" ><div class=\"texte-home-right article panel-row-style panel-row-style-for-15-0\" ><div id=\"pgc-15-0-0\"  class=\"panel-grid-cell\" ><div id=\"panel-15-0-0-0\" class=\"so-panel widget widget_sow-editor panel-first-child panel-last-child\" data-index=\"0\" ><div\n\t\t\t\n\t\t\tclass=\"so-widget-sow-editor so-widget-sow-editor-base\"\n\t\t\t\n\t\t>\n<div class=\"siteorigin-widget-tinymce textwidget\">\n\t<h2 class=\"h2resize\" style=\"color: #013ca6\">Nous continuons \u00e0 innover en tant que pionnier en g\u00e9ophysique appliqu\u00e9e. Gr\u00e2ce \u00e0 nos connaissances et notre capacit\u00e9 \u00e0 appliquer les m\u00e9thodes g\u00e9ophysiques traditionnelles et innovatrices, nous aidons \u00e0 r\u00e9soudre les d\u00e9fis g\u00e9ologiques, g\u00e9otechniques et d'ing\u00e9nierie.<\/h2>\n<\/div>\n<\/div><\/div><\/div><\/div><\/div><div id=\"pg-15-1\"  class=\"panel-grid panel-no-style\" ><div id=\"pgc-15-1-0\"  class=\"panel-grid-cell\" ><div id=\"panel-15-1-0-0\" class=\"so-panel widget widget_black-studio-tinymce widget_black_studio_tinymce panel-first-child panel-last-child\" data-index=\"1\" ><div class=\"textwidget\"><p><div id=\"wondergridgallerylightbox_options\" data-skinsfoldername=\"skins\/default\/\"  data-jsfolder=\"https:\/\/airborne.geophysicsgpr.com\/wp-content\/plugins\/wonderplugin-gridgallery\/engine\/\" style=\"display:none;\"><\/div>\r\n<style type=\"text\/css\">.wpp-btn-blue-medium {     background: #fa4c06; }  .wpp-btn-blue-medium:hover {     color: #fff;     background: #fa4c06; }<\/style><style type=\"text\/css\">@import url(https:\/\/fonts.googleapis.com\/css?family=Open+Sans);  #wonderplugingridgallery-3 .wonderplugin-gridgallery-item-text {     text-align: center;     box-sizing: border-box;     -webkit-box-sizing: border-box;     -moz-box-sizing: border-box; }  #wonderplugingridgallery-3 .wonderplugin-gridgallery-item-title {     font-family: 'Open Sans', sans-serif;     font-size: 18px;     position: absolute;     left: 5px;     top: 5px;     width: 97.5%;     height: auto;     background-color: #fa4c06;     color: #fff;     padding: 12px 5px; }  #wonderplugingridgallery-3 .wonderplugin-gridgallery-item-description {     font-size: 12px; }  #wonderplugingridgallery-3 .wonderplugin-gridgallery-item-button {     position: absolute;     right: 20px;     bottom: 20px; }  #wonderplugingridgallery-3 .wonderplugin-gridgallery-item-container img:hover { }<\/style><div class=\"wonderplugingridgallery\" id=\"wonderplugingridgallery-3\" data-gridgalleryid=\"3\" data-width=\"440\" data-height=\"350\" data-skin=\"threecolumns\" data-random=\"false\" data-shownavigation=\"true\" data-hoverzoomin=\"false\" data-hoverzoominimageonly=\"true\" data-hoverzoominimagecenter=\"false\" data-hoverfade=\"true\" data-responsive=\"true\" data-mediumscreen=\"true\" data-smallscreen=\"true\" data-showtitle=\"true\" data-showtexttitle=\"true\" data-showtextdescription=\"false\" data-showtextbutton=\"true\" data-lightboxnogroup=\"false\" data-lightboxshowtitle=\"true\" data-lightboxshowdescription=\"false\" data-lightboxresponsive=\"true\" data-circularimage=\"false\" data-firstimage=\"false\" data-textinsidespace=\"false\" data-thumbwidth=\"90\" data-thumbheight=\"60\" data-thumbtopmargin=\"12\" data-thumbbottommargin=\"4\" data-barheight=\"64\" data-titlebottomcss=\"{color:#333; font-size:14px; font-family:Armata,sans-serif,Arial; overflow:hidden; text-align:left;}\" data-descriptionbottomcss=\"{color:#333; font-size:12px; font-family:Arial,Helvetica,sans-serif; overflow:hidden; text-align:left; margin:4px 0px 0px; padding: 0px;}\" data-googleanalyticsaccount=\"\" data-gap=\"4\" data-margin=\"10\" data-borderradius=\"0\" data-hoverzoominvalue=\"24\" data-hoverzoominduration=\"180\" data-hoverzoominimagescale=\"1.1\" data-hoverzoominimageduration=\"360\" data-hoverfadeopacity=\"0.8\" data-hoverfadeduration=\"300\" data-videoplaybutton=\"playvideo-64-64-0.png\" data-column=\"3\" data-mediumcolumn=\"2\" data-mediumscreensize=\"800\" data-smallcolumn=\"1\" data-smallscreensize=\"600\" data-titlemode=\"always\" data-titleeffect=\"fade\" data-titleeffectduration=\"300\" data-titleheight=\"0\" data-jsfolder=\"https:\/\/airborne.geophysicsgpr.com\/wp-content\/plugins\/wonderplugin-gridgallery\/engine\/\" data-skinsfoldername=\"skins\/default\/\" style=\"display:none;position:relative;margin:0 auto;width:100%;max-width:1328px;\" ><div class=\"wonderplugin-gridgallery-list\" style=\"display:block;position:relative;max-width:100%;margin:0 auto;\"><div class=\"wonderplugin-gridgallery-item\" data-row=\"1\" data-col=\"1\"><div class=\"wonderplugin-gridgallery-item-container\"><a href=\"http:\/\/airborne.geophysicsgpr.com\/fr\/techniques\/electromagnetique-tdem-et-vlf\/\" title=\"\u00c9lectromagn\u00e9tique ( TDEM et VLF )\" data-description=\"Le GPRTEM est un syst\u00e8me de haute r\u00e9solution \u00e9lectromagn\u00e9tique transitoire h\u00e9liport\u00e9 dans le domaine du temps (TDEM) d\u00e9velopp\u00e9 par G\u00e9ophysique GPR Inc.\" data-button=\"<a href=&quot;http:\/\/airborne.geophysicsgpr.com\/fr\/techniques\/electromagnetique-tdem-et-vlf\/&quot;><button class=&quot;wpp-btn-blue-medium&quot;>En savoir plus<\/button><\/a>\"><img decoding=\"async\" class=\"wonderplugin-gridgallery-item-img\" src=\"http:\/\/airborne.geophysicsgpr.com\/wp-content\/uploads\/sites\/8\/2015\/08\/P1000308-1024x768.jpg\" \/><\/a><\/div><\/div><div class=\"wonderplugin-gridgallery-item\" data-row=\"1\" data-col=\"1\"><div class=\"wonderplugin-gridgallery-item-container\"><a href=\"http:\/\/airborne.geophysicsgpr.com\/fr\/techniques-geophysiques-aeroportees\/leve-aeromagnetique\/\" title=\"Lev\u00e9 A\u00e9romagn\u00e9tique\" data-description=\"La magn\u00e9tom\u00e9trie consiste \u00e0 mesurer le champ magn\u00e9tique terrestre afin de d\u00e9tecter les variations locales dues au magn\u00e9tisme des structures g\u00e9ologiques.\" data-button=\"<a href=&quot;http:\/\/airborne.geophysicsgpr.com\/fr\/techniques\/magnetometrie\/&quot;><button class=&quot;wpp-btn-blue-medium&quot;>En savoir plus<\/button><\/a>\"><img decoding=\"async\" class=\"wonderplugin-gridgallery-item-img\" src=\"http:\/\/airborne.geophysicsgpr.com\/wp-content\/uploads\/sites\/8\/2015\/08\/P1000348-1024x768.jpg\" \/><\/a><\/div><\/div><div class=\"wonderplugin-gridgallery-item\" data-row=\"1\" data-col=\"1\"><div class=\"wonderplugin-gridgallery-item-container\"><a href=\"http:\/\/airborne.geophysicsgpr.com\/fr\/techniques\/spectrometrie-gamma\/\" title=\"Spectrom\u00e9trie-Gamma\" data-description=\"La spectrom\u00e9trie-gamma a\u00e9roport\u00e9e consiste \u00e0 cartographier la concentration des \u00e9l\u00e9ments sur le site de l'enqu\u00eate.\" data-button=\"<a href=&quot;http:\/\/airborne.geophysicsgpr.com\/fr\/techniques\/spectrometrie-gamma\/&quot;><button class=&quot;wpp-btn-blue-medium&quot;>En savoir plus<\/button><\/a>\"><img decoding=\"async\" class=\"wonderplugin-gridgallery-item-img\" src=\"http:\/\/airborne.geophysicsgpr.com\/wp-content\/uploads\/sites\/8\/2015\/07\/Ternary_image.jpg\" \/><\/a><\/div><\/div><div class=\"wonderplugin-gridgallery-item\" data-row=\"1\" data-col=\"1\"><div class=\"wonderplugin-gridgallery-item-container\"><a href=\"http:\/\/airborne.geophysicsgpr.com\/fr\/techniques\/gravimetrie\/\" title=\"Gravim\u00e9trie\" data-description=\"La gravim\u00e9trie a\u00e9roport\u00e9e est une technologie qui mesure le champ gravitationnel terrestre et le positionnement et l\u2019attitude pr\u00e9cise de l\u2019avion.\" data-button=\"<a href=&quot;http:\/\/airborne.geophysicsgpr.com\/fr\/techniques\/gravimetrie\/&quot;><button class=&quot;wpp-btn-blue-medium&quot;>En savoir plus<\/button><\/a>\"><img decoding=\"async\" class=\"wonderplugin-gridgallery-item-img\" src=\"http:\/\/airborne.geophysicsgpr.com\/wp-content\/uploads\/sites\/8\/2015\/07\/grav_heli.jpg\" \/><\/a><\/div><\/div><div class=\"wonderplugin-gridgallery-item\" data-row=\"1\" data-col=\"1\"><div class=\"wonderplugin-gridgallery-item-container\"><a href=\"http:\/\/airborne.geophysicsgpr.com\/fr\/techniques\/bathymetrie-et-georadar-heliportes\/\" title=\"Bathym\u00e9trie et g\u00e9oradar h\u00e9liport\u00e9s\" data-description=\"Le g\u00e9oradar h\u00e9liport\u00e9 permet de r\u00e9aliser des lev\u00e9s bathym\u00e9triques qui ne peuvent \u00eatre faits de fa\u00e7on conventionnelle\" data-button=\"<a href=&quot;http:\/\/airborne.geophysicsgpr.com\/fr\/techniques\/bathymetrie-et-georadar-heliportes\/&quot;><button class=&quot;wpp-btn-blue-medium&quot;>en savoir plus<\/button><\/a>\"><img decoding=\"async\" class=\"wonderplugin-gridgallery-item-img\" src=\"http:\/\/airborne.geophysicsgpr.com\/wp-content\/uploads\/sites\/8\/2015\/08\/radar_helicoptere.jpg\" \/><\/a><\/div><\/div><div style=\"clear:both;\"><\/div><\/div><div class=\"wonderplugin-gridgallery-engine\"><a href=\"http:\/\/www.wonderplugin.com\/wordpress-gridgallery\/\" title=\"WordPress Grid Gallery\">WordPress Grid Gallery<\/a><\/div><\/div><\/p>\n<\/div><\/div><\/div><\/div><div id=\"pg-15-2\"  class=\"panel-grid panel-no-style\" ><div id=\"pgc-15-2-0\"  class=\"panel-grid-cell\" ><div id=\"panel-15-2-0-0\" class=\"so-panel widget widget_sow-editor panel-first-child panel-last-child\" data-index=\"2\" ><div\n\t\t\t\n\t\t\tclass=\"so-widget-sow-editor so-widget-sow-editor-base\"\n\t\t\t\n\t\t>\n<div class=\"siteorigin-widget-tinymce textwidget\">\n\t<h2 class=\"h2resize\"><span style=\"color: #013ca6;\">Principales techniques g\u00e9ophysiques\u00a0a\u00e9roport\u00e9es<\/span><\/h2>\n<p>Les diff\u00e9rentes techniques g\u00e9ophysiques a\u00e9roport\u00e9 ci-dessous sont couramment utilis\u00e9es pour l'exploration mini\u00e8re, gazi\u00e8re et petroli\u00e8re, pour \u00e9tudes g\u00e9ologiques, geotechnique, environnemental ainsi que pour le d\u00e9veloppement de G\u00e9oide. Selon le type d'a\u00e9ronef utilis\u00e9, plusieurs sensors peuvent \u00eatre utilis\u00e9 simultan\u00e9ment.<\/p>\n<ul>\n<li><span style=\"color: #013ca6;\"><a style=\"color: #013ca6;\" href=\"https:\/\/airborne.geophysicsgpr.com\/fr\/techniques-geophysiques-aeroportees\/leve-aeromagnetique\/\">Lev\u00e9s a\u00e9romagn\u00e9tiques:<\/a><\/span>\n<ul>\n<li><span style=\"color: #013ca6;\"><a style=\"color: #013ca6;\" href=\"https:\/\/airborne.geophysicsgpr.com\/fr\/techniques-geophysiques-aeroportees\/leve-aeromagnetique\/stinger\/\">H\u00e9liport\u00e9 (Stinger)<\/a>;<\/span><\/li>\n<li><span style=\"color: #013ca6;\"><a style=\"color: #013ca6;\" href=\"https:\/\/airborne.geophysicsgpr.com\/fr\/techniques-geophysiques-aeroportees\/leve-aeromagnetique\/helimager\/\">H\u00e9liport\u00e9 gradient (HeliMAGer)<\/a>;<\/span><\/li>\n<li><span style=\"color: #013ca6;\"><a style=\"color: #013ca6;\" href=\"https:\/\/airborne.geophysicsgpr.com\/fr\/techniques-geophysiques-aeroportees\/leve-aeromagnetique\/leve-aeroporte-par-avion\/\">A\u00e9roport\u00e9 gradient (Avion)<\/a>;<\/span><\/li>\n<\/ul>\n<\/li>\n<li><span style=\"color: #013ca6;\"><a style=\"color: #013ca6;\" href=\"https:\/\/airborne.geophysicsgpr.com\/fr\/techniques-geophysiques-aeroportees\/electromagnetique-tdem-et-vlf\/\">Lev\u00e9s \u00e9lectromagn\u00e9tiques<\/a>:<\/span>\n<ul>\n<li><span style=\"color: #013ca6;\"><a style=\"color: #013ca6;\" href=\"https:\/\/airborne.geophysicsgpr.com\/fr\/techniques-geophysiques-aeroportees\/electromagnetique-tdem-et-vlf\/heliporte-time-domain-em-gprtem\/\">Dans le domaine du temps (GPRTEM)<\/a>;<\/span><\/li>\n<li><span style=\"color: #013ca6;\"><a style=\"color: #013ca6;\" href=\"https:\/\/airborne.geophysicsgpr.com\/fr\/techniques-geophysiques-aeroportees\/electromagnetique-tdem-et-vlf\/vlf-totem-2a\/\">Dans le domaine des fr\u00e9quences (VLF-EM)<\/a>;<\/span><\/li>\n<\/ul>\n<\/li>\n<li><span style=\"color: #013ca6;\"><a style=\"color: #013ca6;\" href=\"https:\/\/airborne.geophysicsgpr.com\/fr\/techniques-geophysiques-aeroportees\/spectrometrie-gamma\/\">Lev\u00e9s spectrom\u00e9triques (rayon-gamma)<\/a>;<\/span><\/li>\n<li><span style=\"color: #013ca6;\"><a style=\"color: #013ca6;\" href=\"https:\/\/airborne.geophysicsgpr.com\/fr\/techniques-geophysiques-aeroportees\/gravimetrie\/\">Lev\u00e9s gravim\u00e9triques<\/a>;<\/span><\/li>\n<li><span style=\"color: #013ca6;\"><a style=\"color: #013ca6;\" href=\"https:\/\/airborne.geophysicsgpr.com\/fr\/techniques-geophysiques-aeroportees\/bathymetrie-et-georadar-heliportes\/\">Lev\u00e9s bathym\u00e9triques (G\u00e9oradar)<\/a>.<\/span><\/li>\n<\/ul>\n<p>Cette section pr\u00e9sente un bref r\u00e9sum\u00e9 des diff\u00e9rentes m\u00e9thodes et techniques de g\u00e9ophysique a\u00e9roport\u00e9\u00a0utilis\u00e9es pour les lev\u00e9s. La vaste exp\u00e9rience de terrain de G\u00e9ophysique GPR assure la s\u00e9lection des meilleures options pour la r\u00e9alisation de tous vos projets de g\u00e9ophysique.<\/p>\n<p>Pour plus d'informations, veuillez contacter notre <span style=\"color: #013ca6;\"><a style=\"color: #013ca6;\" href=\"mailto:info@geophysicsgpr.com\">\u00c9quipe de lev\u00e9s a\u00e9roport\u00e9s<\/a>.<\/span><\/p>\n<\/div>\n<\/div><\/div><\/div><\/div><\/div>","protected":false},"excerpt":{"rendered":"<p>Nous continuons \u00e0 innover en tant que pionnier en g\u00e9ophysique appliqu\u00e9e. Gr\u00e2ce \u00e0 nos connaissances et notre capacit\u00e9 \u00e0 appliquer les m\u00e9thodes g\u00e9ophysiques traditionnelles et innovatrices, nous aidons \u00e0 r\u00e9soudre les d\u00e9fis g\u00e9ologiques, g\u00e9otechniques et d&rsquo;ing\u00e9nierie.<\/p>\n","protected":false},"author":1,"featured_media":632,"parent":0,"menu_order":0,"comment_status":"closed","ping_status":"closed","template":"page-full-width.php","meta":{"content-type":"","footnotes":""},"class_list":["post-15","page","type-page","status-publish","has-post-thumbnail","hentry"],"_links":{"self":[{"href":"https:\/\/airborne.geophysicsgpr.com\/fr\/wp-json\/wp\/v2\/pages\/15","targetHints":{"allow":["GET"]}}],"collection":[{"href":"https:\/\/airborne.geophysicsgpr.com\/fr\/wp-json\/wp\/v2\/pages"}],"about":[{"href":"https:\/\/airborne.geophysicsgpr.com\/fr\/wp-json\/wp\/v2\/types\/page"}],"author":[{"embeddable":true,"href":"https:\/\/airborne.geophysicsgpr.com\/fr\/wp-json\/wp\/v2\/users\/1"}],"replies":[{"embeddable":true,"href":"https:\/\/airborne.geophysicsgpr.com\/fr\/wp-json\/wp\/v2\/comments?post=15"}],"version-history":[{"count":36,"href":"https:\/\/airborne.geophysicsgpr.com\/fr\/wp-json\/wp\/v2\/pages\/15\/revisions"}],"predecessor-version":[{"id":1119,"href":"https:\/\/airborne.geophysicsgpr.com\/fr\/wp-json\/wp\/v2\/pages\/15\/revisions\/1119"}],"wp:featuredmedia":[{"embeddable":true,"href":"https:\/\/airborne.geophysicsgpr.com\/fr\/wp-json\/wp\/v2\/media\/632"}],"wp:attachment":[{"href":"https:\/\/airborne.geophysicsgpr.com\/fr\/wp-json\/wp\/v2\/media?parent=15"}],"curies":[{"name":"wp","href":"https:\/\/api.w.org\/{rel}","templated":true}]}}