{"id":150,"date":"2015-07-22T16:11:45","date_gmt":"2015-07-22T16:11:45","guid":{"rendered":"http:\/\/airborne.geophysicsgpr.com\/?page_id=150"},"modified":"2017-03-09T15:27:06","modified_gmt":"2017-03-09T15:27:06","slug":"exploration-miniere","status":"publish","type":"page","link":"https:\/\/airborne.geophysicsgpr.com\/fr\/applications\/exploration-miniere\/","title":{"rendered":"Exploration mini\u00e8re"},"content":{"rendered":"<div id=\"pl-150\"  class=\"panel-layout\" ><div id=\"pg-150-0\"  class=\"panel-grid panel-has-style\" ><div class=\"texte-home-right article panel-row-style panel-row-style-for-150-0\" ><div id=\"pgc-150-0-0\"  class=\"panel-grid-cell\" ><div id=\"panel-150-0-0-0\" class=\"so-panel widget widget_sow-editor panel-first-child panel-last-child\" data-index=\"0\" ><div\n\t\t\t\n\t\t\tclass=\"so-widget-sow-editor so-widget-sow-editor-base\"\n\t\t\t\n\t\t>\n<div class=\"siteorigin-widget-tinymce textwidget\">\n\t<p>Au cours des 40 derni\u00e8res ann\u00e9es, G\u00e9ophysique GPR a r\u00e9alis\u00e9 plusieurs lev\u00e9s d'exploration mini\u00e8re pour de nombreux clients \u00e0 travers le monde.<\/p>\n<h2 class=\"h2resize\">Parmi les services offerts par G\u00e9ophysique GPR, voici la liste des plus employ\u00e9s en exploration mini\u00e8re:<\/h2>\n<ul>\n<li>Lev\u00e9 a\u00e9roport\u00e9 magn\u00e9tom\u00e9trique et gradiomagn\u00e9tom\u00e9trique;<\/li>\n<li>Lev\u00e9 gravim\u00e9trique;<\/li>\n<li>Lev\u00e9 h\u00e9liport\u00e9 EM dans le domaine du temps (GPRTEM);<\/li>\n<li>Lev\u00e9 h\u00e9liport\u00e9 EMVLF (TOTEM-2A);<\/li>\n<li>Lev\u00e9 h\u00e9liport\u00e9 G\u00e9oradar et bathym\u00e9trie.<\/li>\n<li>Lev\u00e9 h\u00e9liport\u00e9 gradiomagn\u00e9tom\u00e9trique (Helimager<sup>TM<\/sup>);<\/li>\n<li>Lev\u00e9 h\u00e9liport\u00e9 magn\u00e9tom\u00e9trique (Stinger);<\/li>\n<li>Lev\u00e9 de spectrom\u00e9trie \u00e0 rayon gamma.<\/li>\n<\/ul>\n<p>\u00a0<\/p>\n<p style=\"text-align: left\">G\u00e9ophysique GPR offre en plus des lev\u00e9s a\u00e9roport\u00e9s, plusieurs m\u00e9thodes <a href=\"http:\/\/ground.geophysicsgpr.com\/fr\/\">terrestres<\/a>\u00a0et <a href=\"http:\/\/marine.geophysicsgpr.com\/fr\/\">marines<\/a>, veuillez vous r\u00e9f\u00e9rer aux sections correspondantes pour plus d'information.<\/p>\n<p>\u00a0<\/p>\n<p>\u00a0<\/p>\n<p>Pour plus d'informations, veuillez contacter notre <a href=\"mailto:info@geophysicsgpr.com\">\u00c9quipe de lev\u00e9 a\u00e9roport\u00e9<\/a>.<\/p>\n<\/div>\n<\/div><\/div><\/div><\/div><\/div><div id=\"pg-150-1\"  class=\"panel-grid panel-no-style\" ><div id=\"pgc-150-1-0\"  class=\"panel-grid-cell\" ><div id=\"panel-150-1-0-0\" class=\"so-panel widget widget_sow-image panel-first-child panel-last-child\" data-index=\"1\" ><div class=\"panel-widget-style panel-widget-style-for-150-1-0-0\" ><div\n\t\t\t\n\t\t\tclass=\"so-widget-sow-image so-widget-sow-image-default-8b5b6f678277-150\"\n\t\t\t\n\t\t>\n<div class=\"sow-image-container\">\n\t\t<img loading=\"lazy\" decoding=\"async\" src=\"https:\/\/airborne.geophysicsgpr.com\/wp-content\/uploads\/sites\/8\/2015\/07\/exploration-miniere.jpg\" width=\"2560\" height=\"1920\" srcset=\"https:\/\/airborne.geophysicsgpr.com\/wp-content\/uploads\/sites\/8\/2015\/07\/exploration-miniere.jpg 2560w, https:\/\/airborne.geophysicsgpr.com\/wp-content\/uploads\/sites\/8\/2015\/07\/exploration-miniere-300x225.jpg 300w, https:\/\/airborne.geophysicsgpr.com\/wp-content\/uploads\/sites\/8\/2015\/07\/exploration-miniere-1024x768.jpg 1024w\" sizes=\"auto, (max-width: 2560px) 100vw, 2560px\" title=\"Exploration mini\u00e8re\" alt=\"Exploration mini\u00e8re\" \t\tclass=\"so-widget-image\"\/>\n\t<\/div>\n\n<\/div><\/div><\/div><\/div><div id=\"pgc-150-1-1\"  class=\"panel-grid-cell\" ><div id=\"panel-150-1-1-0\" class=\"so-panel widget widget_sow-image panel-first-child panel-last-child\" data-index=\"2\" ><div class=\"panel-widget-style panel-widget-style-for-150-1-1-0\" ><div\n\t\t\t\n\t\t\tclass=\"so-widget-sow-image so-widget-sow-image-default-8b5b6f678277-150\"\n\t\t\t\n\t\t>\n<div class=\"sow-image-container\">\n\t\t<img loading=\"lazy\" decoding=\"async\" src=\"https:\/\/airborne.geophysicsgpr.com\/wp-content\/uploads\/sites\/8\/2015\/07\/exploration-miniere-1.jpg\" width=\"2765\" height=\"2074\" srcset=\"https:\/\/airborne.geophysicsgpr.com\/wp-content\/uploads\/sites\/8\/2015\/07\/exploration-miniere-1.jpg 2765w, https:\/\/airborne.geophysicsgpr.com\/wp-content\/uploads\/sites\/8\/2015\/07\/exploration-miniere-1-300x225.jpg 300w, https:\/\/airborne.geophysicsgpr.com\/wp-content\/uploads\/sites\/8\/2015\/07\/exploration-miniere-1-1024x768.jpg 1024w\" sizes=\"auto, (max-width: 2765px) 100vw, 2765px\" title=\"Exploration Miniere\" alt=\"Exploration mini\u00e8re\" \t\tclass=\"so-widget-image\"\/>\n\t<\/div>\n\n<\/div><\/div><\/div><\/div><\/div><\/div>","protected":false},"excerpt":{"rendered":"<p>Au cours des 40 derni\u00e8res ann\u00e9es, G\u00e9ophysique GPR a r\u00e9alis\u00e9 plusieurs lev\u00e9s d&rsquo;exploration mini\u00e8re pour de nombreux clients \u00e0 travers le monde.Parmi les services offerts par G\u00e9ophysique GPR, voici la liste des plus employ\u00e9s en exploration mini\u00e8re:Lev\u00e9 a\u00e9roport\u00e9 magn\u00e9tom\u00e9trique et gradiomagn\u00e9tom\u00e9trique;Lev\u00e9 gravim\u00e9trique;Lev\u00e9 h\u00e9liport\u00e9 EM dans le domaine du temps (GPRTEM);Lev\u00e9 h\u00e9liport\u00e9 EMVLF (TOTEM-2A);Lev\u00e9 h\u00e9liport\u00e9 G\u00e9oradar&#8230;  <a href=\"https:\/\/airborne.geophysicsgpr.com\/fr\/applications\/exploration-miniere\/\" class=\"more-link\" title=\"Read Exploration mini\u00e8re\">Read more &raquo;<\/a><\/p>\n","protected":false},"author":1,"featured_media":632,"parent":20,"menu_order":0,"comment_status":"closed","ping_status":"closed","template":"page-full-width.php","meta":{"content-type":"","footnotes":""},"class_list":["post-150","page","type-page","status-publish","has-post-thumbnail","hentry"],"_links":{"self":[{"href":"https:\/\/airborne.geophysicsgpr.com\/fr\/wp-json\/wp\/v2\/pages\/150","targetHints":{"allow":["GET"]}}],"collection":[{"href":"https:\/\/airborne.geophysicsgpr.com\/fr\/wp-json\/wp\/v2\/pages"}],"about":[{"href":"https:\/\/airborne.geophysicsgpr.com\/fr\/wp-json\/wp\/v2\/types\/page"}],"author":[{"embeddable":true,"href":"https:\/\/airborne.geophysicsgpr.com\/fr\/wp-json\/wp\/v2\/users\/1"}],"replies":[{"embeddable":true,"href":"https:\/\/airborne.geophysicsgpr.com\/fr\/wp-json\/wp\/v2\/comments?post=150"}],"version-history":[{"count":15,"href":"https:\/\/airborne.geophysicsgpr.com\/fr\/wp-json\/wp\/v2\/pages\/150\/revisions"}],"predecessor-version":[{"id":1013,"href":"https:\/\/airborne.geophysicsgpr.com\/fr\/wp-json\/wp\/v2\/pages\/150\/revisions\/1013"}],"up":[{"embeddable":true,"href":"https:\/\/airborne.geophysicsgpr.com\/fr\/wp-json\/wp\/v2\/pages\/20"}],"wp:featuredmedia":[{"embeddable":true,"href":"https:\/\/airborne.geophysicsgpr.com\/fr\/wp-json\/wp\/v2\/media\/632"}],"wp:attachment":[{"href":"https:\/\/airborne.geophysicsgpr.com\/fr\/wp-json\/wp\/v2\/media?parent=150"}],"curies":[{"name":"wp","href":"https:\/\/api.w.org\/{rel}","templated":true}]}}