{"id":156,"date":"2015-07-22T16:13:31","date_gmt":"2015-07-22T16:13:31","guid":{"rendered":"http:\/\/airborne.geophysicsgpr.com\/?page_id=156"},"modified":"2017-03-09T15:28:02","modified_gmt":"2017-03-09T15:28:02","slug":"exploration-gaziere-et-petroliere","status":"publish","type":"page","link":"https:\/\/airborne.geophysicsgpr.com\/fr\/applications\/exploration-gaziere-et-petroliere\/","title":{"rendered":"Exploration gazi\u00e8re et p\u00e9troli\u00e8re"},"content":{"rendered":"<div id=\"pl-156\"  class=\"panel-layout\" ><div id=\"pg-156-0\"  class=\"panel-grid panel-no-style\" ><div id=\"pgc-156-0-0\"  class=\"panel-grid-cell\" ><div id=\"panel-156-0-0-0\" class=\"so-panel widget widget_sow-editor panel-first-child panel-last-child\" data-index=\"0\" ><div class=\"texte-home-right article panel-widget-style panel-widget-style-for-156-0-0-0\" ><div\n\t\t\t\n\t\t\tclass=\"so-widget-sow-editor so-widget-sow-editor-base\"\n\t\t\t\n\t\t>\n<div class=\"siteorigin-widget-tinymce textwidget\">\n\t<p>G\u00e9ophysique GPR poss\u00e8de une vaste exp\u00e9rience en exploration gazi\u00e8re et p\u00e9troli\u00e8re. Au cours des 40 derni\u00e8res ann\u00e9es, G\u00e9ophysique GPR a r\u00e9alis\u00e9 plusieurs projets d'exploration pour des clients dans l'ensemble du Canada et \u00e0 travers le monde avec de companies de renom.<\/p>\n<p>Des ententes de partenariat permettent \u00e0 G\u00e9ophysique GPR, d'offrir de l'\u00e9quipement d'exploration sismique \u00e0 la fine pointe. Ses pratiques lui permettent de localiser pr\u00e9cis\u00e9ment des gisements de charbon, de gaz naturel ou de p\u00e9trole, que les lev\u00e9s soient r\u00e9alis\u00e9s sur terre comme sur l'eau.<\/p>\n<p>L'expertise unique acquise par\u00a0G\u00e9ophysique GPR l'assure d'une participation privil\u00e9gi\u00e9e dans de nombreux travaux men\u00e9s par les grandes soci\u00e9t\u00e9s p\u00e9troli\u00e8res et d'\u00e9nergies.<\/p>\n<p><b><br \/> G\u00e9ophysique GPR offre les services suivants :<\/b><\/p>\n<ul>\n<li>Lev\u00e9\u00a0a\u00e9roport\u00e9 magn\u00e9tom\u00e9trique et gradiomagn\u00e9tom\u00e9trique;<\/li>\n<li>Lev\u00e9\u00a0gravim\u00e9trique;<\/li>\n<li>Lev\u00e9\u00a0h\u00e9liport\u00e9 EM dans le domaine du temps (GPRTEM);<\/li>\n<li>Lev\u00e9\u00a0h\u00e9liport\u00e9 gradiomagn\u00e9tom\u00e9trique (Helimager<sup>TM<\/sup>);<\/li>\n<li>Lev\u00e9\u00a0h\u00e9liport\u00e9 magn\u00e9tom\u00e9trique (Stinger);<\/li>\n<li>Lev\u00e9\u00a0de spectrom\u00e9trie \u00e0 rayon gamma.<\/li>\n<\/ul>\n<p>\u00a0<\/p>\n<p>G\u00e9ophysique GPR offre en plus des lev\u00e9s a\u00e9roport\u00e9s, plusieurs m\u00e9thodes <a href=\"http:\/\/ground.geophysicsgpr.com\/fr\/applications-geophysique-terrestre\/exploration-petroliere-et-gaziere\">terrestres<\/a>\u00a0et <a href=\"http:\/\/marine.geophysicsgpr.com\/fr\/applications-geophysique-marine\/exploration-gaziere-et-petroliere\">marines<\/a>, veuillez vous r\u00e9f\u00e9rer aux sections correspondantes pour plus d'information.<\/p>\n<p>\u00a0<\/p>\n<p>Pour plus d'informations, veuillez contacter notre <a href=\"mailto:info@geophysicsgpr.com\">\u00c9quipe de lev\u00e9 a\u00e9roport\u00e9<\/a>.<\/p>\n<\/div>\n<\/div><\/div><\/div><\/div><\/div><div id=\"pg-156-1\"  class=\"panel-grid panel-no-style\" ><div id=\"pgc-156-1-0\"  class=\"panel-grid-cell\" ><div id=\"panel-156-1-0-0\" class=\"so-panel widget widget_sow-image panel-first-child panel-last-child\" data-index=\"1\" ><div class=\"panel-widget-style panel-widget-style-for-156-1-0-0\" ><div\n\t\t\t\n\t\t\tclass=\"so-widget-sow-image so-widget-sow-image-default-8b5b6f678277-156\"\n\t\t\t\n\t\t>\n<div class=\"sow-image-container\">\n\t\t<img loading=\"lazy\" decoding=\"async\" src=\"https:\/\/airborne.geophysicsgpr.com\/wp-content\/uploads\/sites\/8\/2015\/07\/Exploration-gaziere-et-petroliere-1.jpg\" width=\"1792\" height=\"1133\" srcset=\"https:\/\/airborne.geophysicsgpr.com\/wp-content\/uploads\/sites\/8\/2015\/07\/Exploration-gaziere-et-petroliere-1.jpg 1792w, https:\/\/airborne.geophysicsgpr.com\/wp-content\/uploads\/sites\/8\/2015\/07\/Exploration-gaziere-et-petroliere-1-300x190.jpg 300w, https:\/\/airborne.geophysicsgpr.com\/wp-content\/uploads\/sites\/8\/2015\/07\/Exploration-gaziere-et-petroliere-1-1024x647.jpg 1024w\" sizes=\"auto, (max-width: 1792px) 100vw, 1792px\" title=\"Exploration gazi\u00e8re et petroli\u00e8re\" alt=\"Exploration gazi\u00e8re et petroli\u00e8re\" \t\tclass=\"so-widget-image\"\/>\n\t<\/div>\n\n<\/div><\/div><\/div><\/div><div id=\"pgc-156-1-1\"  class=\"panel-grid-cell\" ><div id=\"panel-156-1-1-0\" class=\"so-panel widget widget_sow-image panel-first-child panel-last-child\" data-index=\"2\" ><div class=\"panel-widget-style panel-widget-style-for-156-1-1-0\" ><div\n\t\t\t\n\t\t\tclass=\"so-widget-sow-image so-widget-sow-image-default-8b5b6f678277-156\"\n\t\t\t\n\t\t>\n<div class=\"sow-image-container\">\n\t\t<img loading=\"lazy\" decoding=\"async\" src=\"https:\/\/airborne.geophysicsgpr.com\/wp-content\/uploads\/sites\/8\/2015\/08\/Exploration-gaziere-et-petroliere_en-e1446843810895.jpg\" width=\"1920\" height=\"2464\" srcset=\"https:\/\/airborne.geophysicsgpr.com\/wp-content\/uploads\/sites\/8\/2015\/08\/Exploration-gaziere-et-petroliere_en-e1446843810895.jpg 1920w, https:\/\/airborne.geophysicsgpr.com\/wp-content\/uploads\/sites\/8\/2015\/08\/Exploration-gaziere-et-petroliere_en-e1446843810895-234x300.jpg 234w, https:\/\/airborne.geophysicsgpr.com\/wp-content\/uploads\/sites\/8\/2015\/08\/Exploration-gaziere-et-petroliere_en-e1446843810895-798x1024.jpg 798w\" sizes=\"auto, (max-width: 1920px) 100vw, 1920px\" title=\"Oil and gas exploration\" alt=\"Exploration gazi\u00e8re et petroli\u00e8re\" \t\tclass=\"so-widget-image\"\/>\n\t<\/div>\n\n<\/div><\/div><\/div><\/div><\/div><\/div>","protected":false},"excerpt":{"rendered":"<p>G\u00e9ophysique GPR poss\u00e8de une vaste exp\u00e9rience en exploration gazi\u00e8re et p\u00e9troli\u00e8re. Au cours des 40 derni\u00e8res ann\u00e9es, G\u00e9ophysique GPR a r\u00e9alis\u00e9 plusieurs projets d&rsquo;exploration pour des clients dans l&rsquo;ensemble du Canada et \u00e0 travers le monde avec de companies de renom.Des ententes de partenariat permettent \u00e0 G\u00e9ophysique GPR, d&rsquo;offrir de l&rsquo;\u00e9quipement d&rsquo;exploration sismique \u00e0 la&#8230;  <a href=\"https:\/\/airborne.geophysicsgpr.com\/fr\/applications\/exploration-gaziere-et-petroliere\/\" class=\"more-link\" title=\"Read Exploration gazi\u00e8re et p\u00e9troli\u00e8re\">Read more &raquo;<\/a><\/p>\n","protected":false},"author":1,"featured_media":632,"parent":20,"menu_order":0,"comment_status":"closed","ping_status":"closed","template":"page-full-width.php","meta":{"content-type":"","footnotes":""},"class_list":["post-156","page","type-page","status-publish","has-post-thumbnail","hentry"],"_links":{"self":[{"href":"https:\/\/airborne.geophysicsgpr.com\/fr\/wp-json\/wp\/v2\/pages\/156","targetHints":{"allow":["GET"]}}],"collection":[{"href":"https:\/\/airborne.geophysicsgpr.com\/fr\/wp-json\/wp\/v2\/pages"}],"about":[{"href":"https:\/\/airborne.geophysicsgpr.com\/fr\/wp-json\/wp\/v2\/types\/page"}],"author":[{"embeddable":true,"href":"https:\/\/airborne.geophysicsgpr.com\/fr\/wp-json\/wp\/v2\/users\/1"}],"replies":[{"embeddable":true,"href":"https:\/\/airborne.geophysicsgpr.com\/fr\/wp-json\/wp\/v2\/comments?post=156"}],"version-history":[{"count":23,"href":"https:\/\/airborne.geophysicsgpr.com\/fr\/wp-json\/wp\/v2\/pages\/156\/revisions"}],"predecessor-version":[{"id":1014,"href":"https:\/\/airborne.geophysicsgpr.com\/fr\/wp-json\/wp\/v2\/pages\/156\/revisions\/1014"}],"up":[{"embeddable":true,"href":"https:\/\/airborne.geophysicsgpr.com\/fr\/wp-json\/wp\/v2\/pages\/20"}],"wp:featuredmedia":[{"embeddable":true,"href":"https:\/\/airborne.geophysicsgpr.com\/fr\/wp-json\/wp\/v2\/media\/632"}],"wp:attachment":[{"href":"https:\/\/airborne.geophysicsgpr.com\/fr\/wp-json\/wp\/v2\/media?parent=156"}],"curies":[{"name":"wp","href":"https:\/\/api.w.org\/{rel}","templated":true}]}}