{"id":162,"date":"2015-07-22T16:15:19","date_gmt":"2015-07-22T16:15:19","guid":{"rendered":"http:\/\/airborne.geophysicsgpr.com\/?page_id=162"},"modified":"2017-03-09T15:29:01","modified_gmt":"2017-03-09T15:29:01","slug":"environnement","status":"publish","type":"page","link":"https:\/\/airborne.geophysicsgpr.com\/fr\/applications\/environnement\/","title":{"rendered":"Environnement"},"content":{"rendered":"<div id=\"pl-162\"  class=\"panel-layout\" ><div id=\"pg-162-0\"  class=\"panel-grid panel-no-style\" ><div id=\"pgc-162-0-0\"  class=\"panel-grid-cell\" ><div id=\"panel-162-0-0-0\" class=\"so-panel widget widget_sow-editor panel-first-child panel-last-child\" data-index=\"0\" ><div class=\"texte-home-right article panel-widget-style panel-widget-style-for-162-0-0-0\" ><div\n\t\t\t\n\t\t\tclass=\"so-widget-sow-editor so-widget-sow-editor-base\"\n\t\t\t\n\t\t>\n<div class=\"siteorigin-widget-tinymce textwidget\">\n\t<p>Les techniques g\u00e9ophysiques fournissent des informations cl\u00e9s dans des projets environnementaux. Le g\u00e9oradar peut \u00eatre utilis\u00e9 pour d\u00e9tecter des objets enfouis, tels que des r\u00e9servoirs de stockage souterrains, des fondations de b\u00e2timents, des tunnels ainsi que des sites fun\u00e9raires. Les lev\u00e9s \u00e9lectromagn\u00e9tiques sont issus des m\u00e9thodes qui sont couramment utilis\u00e9es pour cartographier les sols, les d\u00e9p\u00f4ts meubles, et la g\u00e9ologie du substrat rocheux.\u00a0Les lev\u00e9s magn\u00e9tiques r\u00e9pondent tr\u00e8s bien pour d\u00e9tecter des barils et autres objets m\u00e9talliques enfouis ainsi que pour d\u00e9limiter les sites d'enfouissement, en plus \u00a0de d\u00e9terminer les variations \u00e0 l'int\u00e9rieur de ces derniers.<\/p>\n<p>\u00a0<\/p>\n<p>G\u00e9ophysique GPR offre en plus des lev\u00e9s a\u00e9roport\u00e9s pour l'environnement, plusieurs m\u00e9thodes <a href=\"http:\/\/ground.geophysicsgpr.com\/fr\/\">terrestres<\/a> et <a href=\"http:\/\/marine.geophysicsgpr.com\/fr\/\">marines<\/a>, veuillez vous r\u00e9f\u00e9rer aux sections correspondantes pour plus d'information.<\/p>\n<p>\u00a0<\/p>\n<p>\u00a0<\/p>\n<p>Pour plus d'informations, veuillez contacter notre <a href=\"mailto:info@geophysicsgpr.com\">\u00c9quipe de lev\u00e9 a\u00e9roport\u00e9<\/a>.<\/p>\n<\/div>\n<\/div><\/div><\/div><\/div><div id=\"pgc-162-0-1\"  class=\"panel-grid-cell\" ><div id=\"panel-162-0-1-0\" class=\"so-panel widget widget_sow-image panel-first-child panel-last-child\" data-index=\"1\" ><div class=\"panel-widget-style panel-widget-style-for-162-0-1-0\" ><div\n\t\t\t\n\t\t\tclass=\"so-widget-sow-image so-widget-sow-image-default-8b5b6f678277-162\"\n\t\t\t\n\t\t>\n<div class=\"sow-image-container\">\n\t\t<img loading=\"lazy\" decoding=\"async\" src=\"https:\/\/airborne.geophysicsgpr.com\/wp-content\/uploads\/sites\/8\/2015\/07\/Environmental-1-1024x768.jpg\" width=\"580\" height=\"435\" srcset=\"https:\/\/airborne.geophysicsgpr.com\/wp-content\/uploads\/sites\/8\/2015\/07\/Environmental-1-1024x768.jpg 1024w, https:\/\/airborne.geophysicsgpr.com\/wp-content\/uploads\/sites\/8\/2015\/07\/Environmental-1-300x225.jpg 300w\" sizes=\"auto, (max-width: 580px) 100vw, 580px\" title=\"Environnement\" alt=\"Environnement\" \t\tclass=\"so-widget-image\"\/>\n\t<\/div>\n\n<\/div><\/div><\/div><\/div><\/div><div id=\"pg-162-1\"  class=\"panel-grid panel-no-style\" ><div id=\"pgc-162-1-0\"  class=\"panel-grid-cell panel-grid-cell-empty panel-grid-cell-mobile-last\" ><\/div><div id=\"pgc-162-1-1\"  class=\"panel-grid-cell panel-grid-cell-empty\" ><\/div><\/div><\/div>","protected":false},"excerpt":{"rendered":"<p>Les techniques g\u00e9ophysiques fournissent des informations cl\u00e9s dans des projets environnementaux. Le g\u00e9oradar peut \u00eatre utilis\u00e9 pour d\u00e9tecter des objets enfouis, tels que des r\u00e9servoirs de stockage souterrains, des fondations de b\u00e2timents, des tunnels ainsi que des sites fun\u00e9raires. Les lev\u00e9s \u00e9lectromagn\u00e9tiques sont issus des m\u00e9thodes qui sont couramment utilis\u00e9es pour cartographier les sols, les&#8230;  <a href=\"https:\/\/airborne.geophysicsgpr.com\/fr\/applications\/environnement\/\" class=\"more-link\" title=\"Read Environnement\">Read more &raquo;<\/a><\/p>\n","protected":false},"author":1,"featured_media":632,"parent":20,"menu_order":0,"comment_status":"closed","ping_status":"closed","template":"page-full-width.php","meta":{"content-type":"","footnotes":""},"class_list":["post-162","page","type-page","status-publish","has-post-thumbnail","hentry"],"_links":{"self":[{"href":"https:\/\/airborne.geophysicsgpr.com\/fr\/wp-json\/wp\/v2\/pages\/162","targetHints":{"allow":["GET"]}}],"collection":[{"href":"https:\/\/airborne.geophysicsgpr.com\/fr\/wp-json\/wp\/v2\/pages"}],"about":[{"href":"https:\/\/airborne.geophysicsgpr.com\/fr\/wp-json\/wp\/v2\/types\/page"}],"author":[{"embeddable":true,"href":"https:\/\/airborne.geophysicsgpr.com\/fr\/wp-json\/wp\/v2\/users\/1"}],"replies":[{"embeddable":true,"href":"https:\/\/airborne.geophysicsgpr.com\/fr\/wp-json\/wp\/v2\/comments?post=162"}],"version-history":[{"count":12,"href":"https:\/\/airborne.geophysicsgpr.com\/fr\/wp-json\/wp\/v2\/pages\/162\/revisions"}],"predecessor-version":[{"id":1015,"href":"https:\/\/airborne.geophysicsgpr.com\/fr\/wp-json\/wp\/v2\/pages\/162\/revisions\/1015"}],"up":[{"embeddable":true,"href":"https:\/\/airborne.geophysicsgpr.com\/fr\/wp-json\/wp\/v2\/pages\/20"}],"wp:featuredmedia":[{"embeddable":true,"href":"https:\/\/airborne.geophysicsgpr.com\/fr\/wp-json\/wp\/v2\/media\/632"}],"wp:attachment":[{"href":"https:\/\/airborne.geophysicsgpr.com\/fr\/wp-json\/wp\/v2\/media?parent=162"}],"curies":[{"name":"wp","href":"https:\/\/api.w.org\/{rel}","templated":true}]}}