{"id":169,"date":"2015-07-22T16:17:50","date_gmt":"2015-07-22T16:17:50","guid":{"rendered":"http:\/\/airborne.geophysicsgpr.com\/?page_id=169"},"modified":"2017-03-09T15:29:42","modified_gmt":"2017-03-09T15:29:42","slug":"geodesique","status":"publish","type":"page","link":"https:\/\/airborne.geophysicsgpr.com\/fr\/applications\/geodesique\/","title":{"rendered":"G\u00e9od\u00e9sique (G\u00e9o\u00efde)"},"content":{"rendered":"<div id=\"pl-169\"  class=\"panel-layout\" ><div id=\"pg-169-0\"  class=\"panel-grid panel-no-style\" ><div id=\"pgc-169-0-0\"  class=\"panel-grid-cell\" ><div id=\"panel-169-0-0-0\" class=\"so-panel widget widget_sow-editor panel-first-child panel-last-child\" data-index=\"0\" ><div class=\"texte-home-right article panel-widget-style panel-widget-style-for-169-0-0-0\" ><div\n\t\t\t\n\t\t\tclass=\"so-widget-sow-editor so-widget-sow-editor-base\"\n\t\t\t\n\t\t>\n<div class=\"siteorigin-widget-tinymce textwidget\">\n\t<p>\u00c9tablissement d'un mod\u00e8le de g\u00e9o\u00efde terrestre<\/p>\n<p>En raison du d\u00e9veloppement rapide dans les villes et les zones suburbaines dans le monde entier ainsi qu'\u00e0 l'augmentation du co\u00fbt du maintien d'une \u00e9norme quantit\u00e9 de points de rep\u00e8re g\u00e9od\u00e9siques, de nombreux gouvernements sentent la n\u00e9cessit\u00e9 d\u2019\u00e9tablir un syst\u00e8me moderne de contr\u00f4le vertical qui pourrait \u00eatre utilis\u00e9 par les sp\u00e9cialistes de l'arpentage, de cartographie et d'ing\u00e9nierie, et ce, \u00e0 moindre co\u00fbts .<\/p>\n<p>Le nivellement GPS qui combine les hauteurs ellipso\u00efdales et g\u00e9o\u00efdes est une technologie n\u00e9cessaire qui soutiendra les clients dans la r\u00e9alisation de futures activit\u00e9s de positionnement 3D dans leurs propres pays, tout en r\u00e9duisant leurs d\u00e9penses globales.<\/p>\n<p>Afin d'atteindre cet objectif, les \u00e9tudes gravim\u00e9triques au sol, a\u00e9roport\u00e9es, et par satellites sont utilis\u00e9es pour calculer un mod\u00e8le de g\u00e9o\u00efde de la terre, le mod\u00e8le pouvant\u00a0\u00eatre import\u00e9 \u00e0 l'int\u00e9rieur d'un GPS ou dans les logiciels GPS.<\/p>\n<h2 class=\"h2resize\">Les techniques suivantes sont normalement utilis\u00e9es pour cette application d'\u00e9tude g\u00e9od\u00e9sique :<\/h2>\n<ul>\n<li>Gravim\u00e9trie au sol;<\/li>\n<li>Gravim\u00e9trie a\u00e9roport\u00e9e.<\/li>\n<\/ul>\n<p>G\u00e9ophysique GPR offre en plus des lev\u00e9s a\u00e9roport\u00e9s, plusieurs m\u00e9thodes <a href=\"http:\/\/ground.geophysicsgpr.com\/fr\/\">terrestres<\/a> et <a href=\"http:\/\/marine.geophysicsgpr.com\/fr\/\">marines<\/a>, veuillez vous r\u00e9f\u00e9rer aux sections correspondantes pour plus d'information.<\/p>\n<p>\u00a0<\/p>\n<p>\u00a0<\/p>\n<p>Pour plus d'informations, veuillez contacter notre <a href=\"mailto:info@geophysicsgpr.com\">\u00c9quipe de lev\u00e9 a\u00e9roport\u00e9<\/a>.<\/p>\n<\/div>\n<\/div><\/div><\/div><\/div><\/div><div id=\"pg-169-1\"  class=\"panel-grid panel-no-style\" ><div id=\"pgc-169-1-0\"  class=\"panel-grid-cell\" ><div id=\"panel-169-1-0-0\" class=\"so-panel widget widget_sow-image panel-first-child panel-last-child\" data-index=\"1\" ><div class=\"panel-widget-style panel-widget-style-for-169-1-0-0\" ><div\n\t\t\t\n\t\t\tclass=\"so-widget-sow-image so-widget-sow-image-default-8b5b6f678277-169\"\n\t\t\t\n\t\t>\n<div class=\"sow-image-container\">\n\t\t<img loading=\"lazy\" decoding=\"async\" src=\"https:\/\/airborne.geophysicsgpr.com\/wp-content\/uploads\/sites\/8\/2015\/07\/Geodetic.jpg\" width=\"686\" height=\"526\" srcset=\"https:\/\/airborne.geophysicsgpr.com\/wp-content\/uploads\/sites\/8\/2015\/07\/Geodetic.jpg 686w, https:\/\/airborne.geophysicsgpr.com\/wp-content\/uploads\/sites\/8\/2015\/07\/Geodetic-300x230.jpg 300w\" sizes=\"auto, (max-width: 686px) 100vw, 686px\" title=\"Oil and gas exploration\" alt=\"G\u00e9od\u00e9sique\" \t\tclass=\"so-widget-image\"\/>\n\t<\/div>\n\n<\/div><\/div><\/div><\/div><div id=\"pgc-169-1-1\"  class=\"panel-grid-cell\" ><div id=\"panel-169-1-1-0\" class=\"so-panel widget widget_sow-image panel-first-child panel-last-child\" data-index=\"2\" ><div class=\"panel-widget-style panel-widget-style-for-169-1-1-0\" ><div\n\t\t\t\n\t\t\tclass=\"so-widget-sow-image so-widget-sow-image-default-8b5b6f678277-169\"\n\t\t\t\n\t\t>\n<div class=\"sow-image-container\">\n\t\t<img loading=\"lazy\" decoding=\"async\" src=\"https:\/\/airborne.geophysicsgpr.com\/wp-content\/uploads\/sites\/8\/2015\/08\/Slide3.jpg\" width=\"482\" height=\"260\" srcset=\"https:\/\/airborne.geophysicsgpr.com\/wp-content\/uploads\/sites\/8\/2015\/08\/Slide3.jpg 482w, https:\/\/airborne.geophysicsgpr.com\/wp-content\/uploads\/sites\/8\/2015\/08\/Slide3-300x162.jpg 300w\" sizes=\"auto, (max-width: 482px) 100vw, 482px\" alt=\"G\u00e9od\u00e9sique\" \t\tclass=\"so-widget-image\"\/>\n\t<\/div>\n\n<\/div><\/div><\/div><\/div><\/div><\/div>","protected":false},"excerpt":{"rendered":"<p>\u00c9tablissement d&rsquo;un mod\u00e8le de g\u00e9o\u00efde terrestreEn raison du d\u00e9veloppement rapide dans les villes et les zones suburbaines dans le monde entier ainsi qu&rsquo;\u00e0 l&rsquo;augmentation du co\u00fbt du maintien d&rsquo;une \u00e9norme quantit\u00e9 de points de rep\u00e8re g\u00e9od\u00e9siques, de nombreux gouvernements sentent la n\u00e9cessit\u00e9 d\u2019\u00e9tablir un syst\u00e8me moderne de contr\u00f4le vertical qui pourrait \u00eatre utilis\u00e9 par les&#8230;  <a href=\"https:\/\/airborne.geophysicsgpr.com\/fr\/applications\/geodesique\/\" class=\"more-link\" title=\"Read G\u00e9od\u00e9sique (G\u00e9o\u00efde)\">Read more &raquo;<\/a><\/p>\n","protected":false},"author":1,"featured_media":632,"parent":20,"menu_order":0,"comment_status":"closed","ping_status":"closed","template":"page-full-width.php","meta":{"content-type":"","footnotes":""},"class_list":["post-169","page","type-page","status-publish","has-post-thumbnail","hentry"],"_links":{"self":[{"href":"https:\/\/airborne.geophysicsgpr.com\/fr\/wp-json\/wp\/v2\/pages\/169","targetHints":{"allow":["GET"]}}],"collection":[{"href":"https:\/\/airborne.geophysicsgpr.com\/fr\/wp-json\/wp\/v2\/pages"}],"about":[{"href":"https:\/\/airborne.geophysicsgpr.com\/fr\/wp-json\/wp\/v2\/types\/page"}],"author":[{"embeddable":true,"href":"https:\/\/airborne.geophysicsgpr.com\/fr\/wp-json\/wp\/v2\/users\/1"}],"replies":[{"embeddable":true,"href":"https:\/\/airborne.geophysicsgpr.com\/fr\/wp-json\/wp\/v2\/comments?post=169"}],"version-history":[{"count":14,"href":"https:\/\/airborne.geophysicsgpr.com\/fr\/wp-json\/wp\/v2\/pages\/169\/revisions"}],"predecessor-version":[{"id":1016,"href":"https:\/\/airborne.geophysicsgpr.com\/fr\/wp-json\/wp\/v2\/pages\/169\/revisions\/1016"}],"up":[{"embeddable":true,"href":"https:\/\/airborne.geophysicsgpr.com\/fr\/wp-json\/wp\/v2\/pages\/20"}],"wp:featuredmedia":[{"embeddable":true,"href":"https:\/\/airborne.geophysicsgpr.com\/fr\/wp-json\/wp\/v2\/media\/632"}],"wp:attachment":[{"href":"https:\/\/airborne.geophysicsgpr.com\/fr\/wp-json\/wp\/v2\/media?parent=169"}],"curies":[{"name":"wp","href":"https:\/\/api.w.org\/{rel}","templated":true}]}}