{"id":175,"date":"2015-07-22T16:19:16","date_gmt":"2015-07-22T16:19:16","guid":{"rendered":"http:\/\/airborne.geophysicsgpr.com\/?page_id=175"},"modified":"2017-03-09T15:30:29","modified_gmt":"2017-03-09T15:30:29","slug":"geologie-et-geotechnique","status":"publish","type":"page","link":"https:\/\/airborne.geophysicsgpr.com\/fr\/applications\/geologie-et-geotechnique\/","title":{"rendered":"G\u00e9ologie et g\u00e9otechnique"},"content":{"rendered":"<div id=\"pl-175\"  class=\"panel-layout\" ><div id=\"pg-175-0\"  class=\"panel-grid panel-no-style\" ><div id=\"pgc-175-0-0\"  class=\"panel-grid-cell\" ><div id=\"panel-175-0-0-0\" class=\"so-panel widget widget_sow-editor panel-first-child panel-last-child\" data-index=\"0\" ><div class=\"texte-home-right article panel-widget-style panel-widget-style-for-175-0-0-0\" ><div\n\t\t\t\n\t\t\tclass=\"so-widget-sow-editor so-widget-sow-editor-base\"\n\t\t\t\n\t\t>\n<div class=\"siteorigin-widget-tinymce textwidget\">\n\t<p>G\u00e9ophysique GPR dispose d'une grande exp\u00e9rience dans la cartographie des d\u00e9p\u00f4ts meubles et du roc, ainsi que dans l'identification, parmi les nombreuses techniques de g\u00e9ologie et de g\u00e9otechnique, de celles qui r\u00e9pondront le mieux selon le contexte.<\/p>\n<p>Ces choix doivent r\u00e9pondre \u00e0 plusieurs imp\u00e9ratifs dont prioritairement, l'information recherch\u00e9e par le client, mais aussi les conditions environnementales et g\u00e9ologiques du site \u00e0 l'\u00e9tude et les principes g\u00e9ophysiques sur lesquels s'appuient chaque m\u00e9thode d'investigation.<\/p>\n<p>D'autres m\u00e9thodes, incluant la gravim\u00e9trie, le g\u00e9oradar et d'autres techniques \u00e9lectromagn\u00e9tiques et magn\u00e9tom\u00e9triques, sont aussi r\u00e9guli\u00e8rement employ\u00e9es pour cartographier la g\u00e9ologie.<\/p>\n<p>G\u00e9ophysique GPR offre en plus des lev\u00e9s a\u00e9roport\u00e9s, plusieurs m\u00e9thodes<a href=\"http:\/\/ground.geophysicsgpr.com\/fr\/\"> terrestres<\/a> et <a href=\"http:\/\/marine.geophysicsgpr.com\/fr\/\">marines<\/a>, veuillez vous r\u00e9f\u00e9rer aux sections correspondantes pour plus d'information.<\/p>\n<p>\u00a0<\/p>\n<p>\u00a0<\/p>\n<p>Pour plus d'informations, veuillez contacter notre <a href=\"mailto:info@geophysicsgpr.com\">\u00c9quipe de lev\u00e9 a\u00e9roport\u00e9<\/a>.<\/p>\n<\/div>\n<\/div><\/div><\/div><\/div><\/div><div id=\"pg-175-1\"  class=\"panel-grid panel-no-style\" ><div id=\"pgc-175-1-0\"  class=\"panel-grid-cell\" ><div id=\"panel-175-1-0-0\" class=\"so-panel widget widget_sow-image panel-first-child panel-last-child\" data-index=\"1\" ><div class=\"panel-widget-style panel-widget-style-for-175-1-0-0\" ><div\n\t\t\t\n\t\t\tclass=\"so-widget-sow-image so-widget-sow-image-default-8b5b6f678277-175\"\n\t\t\t\n\t\t>\n<div class=\"sow-image-container\">\n\t\t<img loading=\"lazy\" decoding=\"async\" src=\"https:\/\/airborne.geophysicsgpr.com\/wp-content\/uploads\/sites\/8\/2015\/07\/Geology-and-Geotechnics.jpg\" width=\"2351\" height=\"1764\" srcset=\"https:\/\/airborne.geophysicsgpr.com\/wp-content\/uploads\/sites\/8\/2015\/07\/Geology-and-Geotechnics.jpg 2351w, https:\/\/airborne.geophysicsgpr.com\/wp-content\/uploads\/sites\/8\/2015\/07\/Geology-and-Geotechnics-300x225.jpg 300w, https:\/\/airborne.geophysicsgpr.com\/wp-content\/uploads\/sites\/8\/2015\/07\/Geology-and-Geotechnics-1024x768.jpg 1024w\" sizes=\"auto, (max-width: 2351px) 100vw, 2351px\" title=\"Geology and Geotechnics\" alt=\"G\u00e9ologie et g\u00e9otechnique\" \t\tclass=\"so-widget-image\"\/>\n\t<\/div>\n\n<\/div><\/div><\/div><\/div><div id=\"pgc-175-1-1\"  class=\"panel-grid-cell\" ><div id=\"panel-175-1-1-0\" class=\"so-panel widget widget_sow-image panel-first-child panel-last-child\" data-index=\"2\" ><div class=\"panel-widget-style panel-widget-style-for-175-1-1-0\" ><div\n\t\t\t\n\t\t\tclass=\"so-widget-sow-image so-widget-sow-image-default-8b5b6f678277-175\"\n\t\t\t\n\t\t>\n<div class=\"sow-image-container\">\n\t\t<img loading=\"lazy\" decoding=\"async\" src=\"https:\/\/airborne.geophysicsgpr.com\/wp-content\/uploads\/sites\/8\/2015\/07\/Geology-and-Geotechnics-studies.jpg\" width=\"2333\" height=\"1750\" srcset=\"https:\/\/airborne.geophysicsgpr.com\/wp-content\/uploads\/sites\/8\/2015\/07\/Geology-and-Geotechnics-studies.jpg 2333w, https:\/\/airborne.geophysicsgpr.com\/wp-content\/uploads\/sites\/8\/2015\/07\/Geology-and-Geotechnics-studies-300x225.jpg 300w, https:\/\/airborne.geophysicsgpr.com\/wp-content\/uploads\/sites\/8\/2015\/07\/Geology-and-Geotechnics-studies-1024x768.jpg 1024w\" sizes=\"auto, (max-width: 2333px) 100vw, 2333px\" title=\"G\u00e9ologie et g\u00e9otechnique\" alt=\"G\u00e9ologie et g\u00e9otechnique\" \t\tclass=\"so-widget-image\"\/>\n\t<\/div>\n\n<\/div><\/div><\/div><\/div><\/div><\/div>","protected":false},"excerpt":{"rendered":"<p>G\u00e9ophysique GPR dispose d&rsquo;une grande exp\u00e9rience dans la cartographie des d\u00e9p\u00f4ts meubles et du roc, ainsi que dans l&rsquo;identification, parmi les nombreuses techniques de g\u00e9ologie et de g\u00e9otechnique, de celles qui r\u00e9pondront le mieux selon le contexte.Ces choix doivent r\u00e9pondre \u00e0 plusieurs imp\u00e9ratifs dont prioritairement, l&rsquo;information recherch\u00e9e par le client, mais aussi les conditions environnementales&#8230;  <a href=\"https:\/\/airborne.geophysicsgpr.com\/fr\/applications\/geologie-et-geotechnique\/\" class=\"more-link\" title=\"Read G\u00e9ologie et g\u00e9otechnique\">Read more &raquo;<\/a><\/p>\n","protected":false},"author":1,"featured_media":632,"parent":20,"menu_order":0,"comment_status":"closed","ping_status":"closed","template":"page-full-width.php","meta":{"content-type":"","footnotes":""},"class_list":["post-175","page","type-page","status-publish","has-post-thumbnail","hentry"],"_links":{"self":[{"href":"https:\/\/airborne.geophysicsgpr.com\/fr\/wp-json\/wp\/v2\/pages\/175","targetHints":{"allow":["GET"]}}],"collection":[{"href":"https:\/\/airborne.geophysicsgpr.com\/fr\/wp-json\/wp\/v2\/pages"}],"about":[{"href":"https:\/\/airborne.geophysicsgpr.com\/fr\/wp-json\/wp\/v2\/types\/page"}],"author":[{"embeddable":true,"href":"https:\/\/airborne.geophysicsgpr.com\/fr\/wp-json\/wp\/v2\/users\/1"}],"replies":[{"embeddable":true,"href":"https:\/\/airborne.geophysicsgpr.com\/fr\/wp-json\/wp\/v2\/comments?post=175"}],"version-history":[{"count":15,"href":"https:\/\/airborne.geophysicsgpr.com\/fr\/wp-json\/wp\/v2\/pages\/175\/revisions"}],"predecessor-version":[{"id":1017,"href":"https:\/\/airborne.geophysicsgpr.com\/fr\/wp-json\/wp\/v2\/pages\/175\/revisions\/1017"}],"up":[{"embeddable":true,"href":"https:\/\/airborne.geophysicsgpr.com\/fr\/wp-json\/wp\/v2\/pages\/20"}],"wp:featuredmedia":[{"embeddable":true,"href":"https:\/\/airborne.geophysicsgpr.com\/fr\/wp-json\/wp\/v2\/media\/632"}],"wp:attachment":[{"href":"https:\/\/airborne.geophysicsgpr.com\/fr\/wp-json\/wp\/v2\/media?parent=175"}],"curies":[{"name":"wp","href":"https:\/\/api.w.org\/{rel}","templated":true}]}}