{"id":189,"date":"2015-07-22T19:46:49","date_gmt":"2015-07-22T19:46:49","guid":{"rendered":"http:\/\/airborne.geophysicsgpr.com\/?page_id=189"},"modified":"2017-03-06T21:14:23","modified_gmt":"2017-03-06T21:14:23","slug":"electromagnetique-tdem-et-vlf","status":"publish","type":"page","link":"https:\/\/airborne.geophysicsgpr.com\/fr\/techniques\/electromagnetique-tdem-et-vlf\/","title":{"rendered":"\u00c9lectromagn\u00e9tique ( TDEM et VLF )"},"content":{"rendered":"<div id=\"pl-189\"  class=\"panel-layout\" ><div id=\"pg-189-0\"  class=\"panel-grid panel-no-style\" ><div id=\"pgc-189-0-0\"  class=\"panel-grid-cell\" ><div id=\"panel-189-0-0-0\" class=\"so-panel widget widget_black-studio-tinymce widget_black_studio_tinymce panel-first-child panel-last-child\" data-index=\"0\" ><div class=\"textwidget\"><p><div id=\"wondergridgallerylightbox_options\" data-skinsfoldername=\"skins\/default\/\"  data-jsfolder=\"https:\/\/airborne.geophysicsgpr.com\/wp-content\/plugins\/wonderplugin-gridgallery\/engine\/\" style=\"display:none;\"><\/div>\r\n<style type=\"text\/css\">.wpp-btn-blue-medium {     background: #fa4c06; }  .wpp-btn-blue-medium:hover {     color: #fff;     background: #fa4c06; }<\/style><style type=\"text\/css\">@import url(https:\/\/fonts.googleapis.com\/css?family=Open+Sans);  #wonderplugingridgallery-5 .wonderplugin-gridgallery-item-text {     text-align: center;     box-sizing: border-box;     -webkit-box-sizing: border-box;     -moz-box-sizing: border-box; }  #wonderplugingridgallery-5 .wonderplugin-gridgallery-item-title {     font-family: 'Open Sans', sans-serif;     font-size: 18px;     position: absolute;     left: 5px;     top: 5px;     width: 97.5%;     height: auto;     background-color: #fa4c06;     color: #fff;     padding: 12px 5px; }  #wonderplugingridgallery-5 .wonderplugin-gridgallery-item-description {     font-size: 12px; }  #wonderplugingridgallery-5 .wonderplugin-gridgallery-item-button {     position: absolute;     right: 20px;     bottom: 20px; }  #wonderplugingridgallery-5 .wonderplugin-gridgallery-item-container img:hover { }<\/style><div class=\"wonderplugingridgallery\" id=\"wonderplugingridgallery-5\" data-gridgalleryid=\"5\" data-width=\"440\" data-height=\"350\" data-skin=\"threecolumns\" data-random=\"false\" data-shownavigation=\"true\" data-hoverzoomin=\"false\" data-hoverzoominimageonly=\"true\" data-hoverzoominimagecenter=\"false\" data-hoverfade=\"false\" data-responsive=\"true\" data-mediumscreen=\"true\" data-smallscreen=\"true\" data-showtitle=\"true\" data-showtexttitle=\"true\" data-showtextdescription=\"false\" data-showtextbutton=\"true\" data-lightboxnogroup=\"false\" data-lightboxshowtitle=\"true\" data-lightboxshowdescription=\"false\" data-lightboxresponsive=\"true\" data-circularimage=\"false\" data-firstimage=\"false\" data-textinsidespace=\"false\" data-thumbwidth=\"90\" data-thumbheight=\"60\" data-thumbtopmargin=\"12\" data-thumbbottommargin=\"4\" data-barheight=\"64\" data-titlebottomcss=\"{color:#333; font-size:14px; font-family:Armata,sans-serif,Arial; overflow:hidden; text-align:left;}\" data-descriptionbottomcss=\"{color:#333; font-size:12px; font-family:Arial,Helvetica,sans-serif; overflow:hidden; text-align:left; margin:4px 0px 0px; padding: 0px;}\" data-googleanalyticsaccount=\"\" data-gap=\"4\" data-margin=\"10\" data-borderradius=\"0\" data-hoverzoominvalue=\"24\" data-hoverzoominduration=\"180\" data-hoverzoominimagescale=\"1.1\" data-hoverzoominimageduration=\"360\" data-hoverfadeopacity=\"0.8\" data-hoverfadeduration=\"300\" data-videoplaybutton=\"playvideo-64-64-0.png\" data-column=\"3\" data-mediumcolumn=\"2\" data-mediumscreensize=\"800\" data-smallcolumn=\"1\" data-smallscreensize=\"600\" data-titlemode=\"always\" data-titleeffect=\"fade\" data-titleeffectduration=\"500\" data-titleheight=\"0\" data-jsfolder=\"https:\/\/airborne.geophysicsgpr.com\/wp-content\/plugins\/wonderplugin-gridgallery\/engine\/\" data-skinsfoldername=\"skins\/default\/\" style=\"display:none;position:relative;margin:0 auto;width:100%;max-width:1328px;\" ><div class=\"wonderplugin-gridgallery-list\" style=\"display:block;position:relative;max-width:100%;margin:0 auto;\"><div class=\"wonderplugin-gridgallery-item\" data-row=\"1\" data-col=\"1\"><div class=\"wonderplugin-gridgallery-item-container\"><a href=\"http:\/\/airborne.geophysicsgpr.com\/fr\/techniques\/electromagnetique-tdem-et-vlf\/heliporte-time-domain-em-gprtem\/\" title=\"H\u00e9liport\u00e9 Time-Domain EM ( GPRTEM )\" data-description=\"Le GPRTEM est un syst\u00e8me de haute r\u00e9solution \u00e9lectromagn\u00e9tique transitoire h\u00e9liport\u00e9 dans le domaine du temps d\u00e9velopp\u00e9 par G\u00e9ophysique GPR.\" data-button=\"<a href=&quot;http:\/\/airborne.geophysicsgpr.com\/fr\/techniques\/electromagnetique-tdem-et-vlf\/heliporte-time-domain-em-gprtem\/&quot;><button class=&quot;wpp-btn-blue-medium&quot;>En savoir plus<\/button><\/a>\"><img decoding=\"async\" class=\"wonderplugin-gridgallery-item-img\" src=\"http:\/\/airborne.geophysicsgpr.com\/wp-content\/uploads\/sites\/8\/2015\/08\/1-TDEM_GPRTEM-768x1024.jpg\" \/><\/a><\/div><\/div><div class=\"wonderplugin-gridgallery-item\" data-row=\"1\" data-col=\"1\"><div class=\"wonderplugin-gridgallery-item-container\"><a href=\"http:\/\/airborne.geophysicsgpr.com\/fr\/techniques\/electromagnetique-tdem-et-vlf\/vlf-totem-2a\/\" title=\"VLF (TOTEM-2A)\" data-description=\"Les lev\u00e9s \u00e9lectromagn\u00e9tiques VLF utilisent des \u00e9metteurs VLF puissants situ\u00e9s partout dans le monde pour la navigation et les communications des sous-marins\" data-button=\"<a href=&quot;http:\/\/airborne.geophysicsgpr.com\/fr\/techniques\/electromagnetique-tdem-et-vlf\/vlf-totem-2a\/&quot;><button class=&quot;wpp-btn-blue-medium&quot;>En savoir plus<\/button><\/a>\"><img decoding=\"async\" class=\"wonderplugin-gridgallery-item-img\" src=\"http:\/\/airborne.geophysicsgpr.com\/wp-content\/uploads\/sites\/8\/2015\/08\/DSC02639-1024x768.jpg\" \/><\/a><\/div><\/div><div style=\"clear:both;\"><\/div><\/div><div class=\"wonderplugin-gridgallery-engine\"><a href=\"http:\/\/www.wonderplugin.com\/wordpress-gridgallery\/\" title=\"WordPress Grid Gallery\">WordPress Grid Gallery<\/a><\/div><\/div><\/p>\n<\/div><\/div><\/div><\/div><div id=\"pg-189-1\"  class=\"panel-grid panel-has-style\" ><div class=\"texte-home-right article panel-row-style panel-row-style-for-189-1\" ><div id=\"pgc-189-1-0\"  class=\"panel-grid-cell\" ><div id=\"panel-189-1-0-0\" class=\"so-panel widget widget_sow-editor panel-first-child panel-last-child\" data-index=\"1\" ><div\n\t\t\t\n\t\t\tclass=\"so-widget-sow-editor so-widget-sow-editor-base\"\n\t\t\t\n\t\t>\n<div class=\"siteorigin-widget-tinymce textwidget\">\n\t<p><span style=\"color: #013ca6\">G\u00e9ophysique GPR<\/span> est un chef de file en mati\u00e8re de capacit\u00e9 \u00e0 r\u00e9soudre les diff\u00e9rents probl\u00e8mes de nos clients gr\u00e2ce \u00e0 l'impressionnante diversit\u00e9 d'\u00e9quipements g\u00e9ophysiques que nous poss\u00e9dons.\u00a0De plus, GPR a d\u00e9velopp\u00e9 son propre syst\u00e8me TDEM (GPRTEM) afin de r\u00e9pondre \u00e0 la demande grandissante de nos clients pour ce genre de service.<\/p>\n<h2 class=\"h2resize\"><span style=\"color: #013ca6\">Techniques \u00e9lectromagn\u00e9tiques TDEM et VLF\u00a0 :<\/span><\/h2>\n<ul>\n<li>Le GPRTEM est un syst\u00e8me de haute r\u00e9solution \u00e9lectromagn\u00e9tique transitoire h\u00e9liport\u00e9 dans le domaine du temps (TDEM). Ce puissant syst\u00e8me utilise un \u00e9metteur transitoire \u00e9galement appel\u00e9 domaine temporel \u00e9lectromagn\u00e9tique qui entra\u00eene un courant alternatif \u00e0 travers un syst\u00e8me de bobine \u00e9lectrique isol\u00e9e.<\/li>\n<li>Les lev\u00e9s \u00e9lectromagn\u00e9tiques VLF utilisent des \u00e9metteurs VLF puissants situ\u00e9s partout dans le monde pour la navigation et les communications des sous-marins. Pour les relev\u00e9s en Am\u00e9rique du Nord-Est, la station d'\u00e9mission \u00e0 Cutler, Maine, (NAA , 24,0 kHz) est normalement utilis\u00e9e.<\/li>\n<\/ul>\n<p>\u00a0<\/p>\n<p>\u00a0<\/p>\n<p>Pour plus d'informations, veuillez <a style=\"color: #3a5568\" href=\"mailto:info@geophysicsgpr.com\">\u00c9quipe de lev\u00e9 a\u00e9roport\u00e9<\/a>.<\/p>\n<\/div>\n<\/div><\/div><\/div><\/div><\/div><\/div>","protected":false},"excerpt":{"rendered":"<p>G\u00e9ophysique GPR est un chef de file en mati\u00e8re de capacit\u00e9 \u00e0 r\u00e9soudre les diff\u00e9rents probl\u00e8mes de nos clients gr\u00e2ce \u00e0 l&rsquo;impressionnante diversit\u00e9 d&rsquo;\u00e9quipements g\u00e9ophysiques que nous poss\u00e9dons.\u00a0De plus, GPR a d\u00e9velopp\u00e9 son propre syst\u00e8me TDEM (GPRTEM) afin de r\u00e9pondre \u00e0 la demande grandissante de nos clients pour ce genre de service.Techniques \u00e9lectromagn\u00e9tiques TDEM et&#8230;  <a href=\"https:\/\/airborne.geophysicsgpr.com\/fr\/techniques\/electromagnetique-tdem-et-vlf\/\" class=\"more-link\" title=\"Read \u00c9lectromagn\u00e9tique ( TDEM et VLF )\">Read more &raquo;<\/a><\/p>\n","protected":false},"author":1,"featured_media":632,"parent":15,"menu_order":0,"comment_status":"closed","ping_status":"closed","template":"page-full-width.php","meta":{"content-type":"","footnotes":""},"class_list":["post-189","page","type-page","status-publish","has-post-thumbnail","hentry"],"_links":{"self":[{"href":"https:\/\/airborne.geophysicsgpr.com\/fr\/wp-json\/wp\/v2\/pages\/189","targetHints":{"allow":["GET"]}}],"collection":[{"href":"https:\/\/airborne.geophysicsgpr.com\/fr\/wp-json\/wp\/v2\/pages"}],"about":[{"href":"https:\/\/airborne.geophysicsgpr.com\/fr\/wp-json\/wp\/v2\/types\/page"}],"author":[{"embeddable":true,"href":"https:\/\/airborne.geophysicsgpr.com\/fr\/wp-json\/wp\/v2\/users\/1"}],"replies":[{"embeddable":true,"href":"https:\/\/airborne.geophysicsgpr.com\/fr\/wp-json\/wp\/v2\/comments?post=189"}],"version-history":[{"count":20,"href":"https:\/\/airborne.geophysicsgpr.com\/fr\/wp-json\/wp\/v2\/pages\/189\/revisions"}],"predecessor-version":[{"id":1004,"href":"https:\/\/airborne.geophysicsgpr.com\/fr\/wp-json\/wp\/v2\/pages\/189\/revisions\/1004"}],"up":[{"embeddable":true,"href":"https:\/\/airborne.geophysicsgpr.com\/fr\/wp-json\/wp\/v2\/pages\/15"}],"wp:featuredmedia":[{"embeddable":true,"href":"https:\/\/airborne.geophysicsgpr.com\/fr\/wp-json\/wp\/v2\/media\/632"}],"wp:attachment":[{"href":"https:\/\/airborne.geophysicsgpr.com\/fr\/wp-json\/wp\/v2\/media?parent=189"}],"curies":[{"name":"wp","href":"https:\/\/api.w.org\/{rel}","templated":true}]}}