{"id":196,"date":"2015-07-22T19:48:47","date_gmt":"2015-07-22T19:48:47","guid":{"rendered":"http:\/\/airborne.geophysicsgpr.com\/?page_id=196"},"modified":"2017-03-06T21:15:17","modified_gmt":"2017-03-06T21:15:17","slug":"heliporte-time-domain-em-gprtem","status":"publish","type":"page","link":"https:\/\/airborne.geophysicsgpr.com\/fr\/techniques\/electromagnetique-tdem-et-vlf\/heliporte-time-domain-em-gprtem\/","title":{"rendered":"H\u00e9liport\u00e9 Time-Domain EM ( GPRTEM )"},"content":{"rendered":"<div id=\"pl-196\"  class=\"panel-layout\" ><div id=\"pg-196-0\"  class=\"panel-grid panel-no-style\" ><div id=\"pgc-196-0-0\"  class=\"panel-grid-cell\" ><div id=\"panel-196-0-0-0\" class=\"so-panel widget widget_sow-editor panel-first-child panel-last-child\" data-index=\"0\" ><div class=\"texte-home-right article panel-widget-style panel-widget-style-for-196-0-0-0\" ><div\n\t\t\t\n\t\t\tclass=\"so-widget-sow-editor so-widget-sow-editor-base\"\n\t\t\t\n\t\t>\n<div class=\"siteorigin-widget-tinymce textwidget\">\n\t<p>Le GPRTEM est un syst\u00e8me de haute r\u00e9solution \u00e9lectromagn\u00e9tique transitoire h\u00e9liport\u00e9 dans le domaine du temps (TDEM) d\u00e9velopp\u00e9 par G\u00e9ophysique GPR International Inc. Ce puissant syst\u00e8me utilise un \u00e9metteur transitoire \u00e9galement appel\u00e9 domaine temporel \u00e9lectromagn\u00e9tique qui entra\u00eene un courant alternatif \u00e0 travers un syst\u00e8me de bobine \u00e9lectrique isol\u00e9e. Le r\u00e9cepteur GPRTEM est install\u00e9 dans un oiseau remorqu\u00e9 qui est construit \u00e0 l\u2019int\u00e9rieur d'une enveloppe de fibre de verre. Le syst\u00e8me est fix\u00e9 \u00e0 l'h\u00e9licopt\u00e8re par un c\u00e2ble. Il utilise une g\u00e9n\u00e9ratrice de 15HP et un condensateur afin de transmettre en alternance une impulsion demi-sinus de 4 ms \u00e0 30 Hz avec un moment dipolaire total de 600.000 NIA. Le syst\u00e8me GPRTEM est coupl\u00e9 \u00e0 un syst\u00e8me d\u2019acquisition de donn\u00e9es \u00e0 la fine pointe de la technologie pour \u00e9chantillonner les donn\u00e9es transitoires \u00e0 240 KHz.<\/p>\n<p>Le courant dans la bobine g\u00e9n\u00e8re un champ \u00e9lectromagn\u00e9tique. La coupure du flux de courant n'est pas instantan\u00e9e, mais se produit sur une tr\u00e8s courte p\u00e9riode (quelques microsecondes), au cours desquelles le champ magn\u00e9tique varie dans le temps. La nature variante du champ \u00e9lectromagn\u00e9tique primaire produit un champ \u00e9lectromagn\u00e9tique secondaire dans le sol au-dessous de la bobine, conform\u00e9ment \u00e0 la loi de Faraday. Ce champ secondaire commence imm\u00e9diatement \u00e0 se d\u00e9sint\u00e9grer dans le processus, g\u00e9n\u00e9rant d'autres courants de Foucault qui se propagent vers le bas et vers l'ext\u00e9rieur dans le sous-sol. La mesure des courants secondaires est r\u00e9alis\u00e9e par un r\u00e9cepteur de composante vertical situ\u00e9 \u00e0 mi-chemin entre l'h\u00e9licopt\u00e8re et la boucle d'\u00e9metteur. Un syst\u00e8me de suspension exclusif prot\u00e8ge la bobine et limite les excursions du champ total. La capsule agit comme une aube et maintient le m\u00e2t dans la ligne de vol.<\/p>\n<p>La profondeur d'investigation d\u00e9pend de l'intervalle de temps apr\u00e8s la coupure de courant, car \u00e0 certains moments, le r\u00e9cepteur est sensible aux courants de Foucault \u00e0 des profondeurs plus grandes. L'intensit\u00e9 des courants de Foucault \u00e0 des moments et \u00e0 des profondeurs pr\u00e9cis est d\u00e9termin\u00e9e par la conductivit\u00e9 apparente des unit\u00e9s de roches dans le sous-sol et de leurs fluides contenus.<\/p>\n<h2 class=\"h2resize\">Le syst\u00e8me GPRTEM peut \u00eatre utilis\u00e9 conjointement avec un gradiom\u00e8tre horizontal (ou un magn\u00e9tom\u00e8tre standard) et un syst\u00e8me radiom\u00e9trique.<\/h2>\n<p>Sp\u00e9cifications du GPRTEM :<\/p>\n<ul>\n<li>Moment dipolaire de 600 000 Am2;<\/li>\n<li>Diam\u00e8tre de l'\u00e9metteur: 13 m;<\/li>\n<li>Impulsion alternative de forme demi-sinuso\u00efdale de 4 ms avec un temps mort de 12,667 ms;<\/li>\n<li>R\u00e9cepteur \u00e0 composante verticale (dBz\/dt) situ\u00e9 au-dessus de l\u2019\u00e9metteur;<\/li>\n<li>L'enregistrement complet de la forme d'onde pour traitement;<\/li>\n<li>Taux d'\u00e9chantillonnage: 240 kHz (4000 \u00e9chantillons par demi-cycle);<\/li>\n<li>Sortie finale \u00e0 10 Hz;<\/li>\n<li>Le Bz calcul\u00e9 est \u00e9galement fourni;<\/li>\n<li>Fen\u00eatres typiques utilis\u00e9es : 14 Ontime et 40 Offtime;<\/li>\n<li>Poids total de 450 kg;<\/li>\n<li>G\u00e9n\u00e9ratrice isol\u00e9e \u00e9lectriquement de l'h\u00e9licopt\u00e8re situ\u00e9e sur l'\u00e9metteur.<\/li>\n<\/ul>\n<p>\u00a0<\/p>\n<p>\u00a0<\/p>\n<p>Pour plus d'informations, veuillez contacter notre <a style=\"color: #3a5568\" href=\"mailto:info@geophysicsgpr.com\">\u00c9quipe de lev\u00e9 a\u00e9roport\u00e9<\/a>.<\/p>\n<\/div>\n<\/div><\/div><\/div><\/div><\/div><div id=\"pg-196-1\"  class=\"panel-grid panel-no-style\" ><div id=\"pgc-196-1-0\"  class=\"panel-grid-cell\" ><div id=\"panel-196-1-0-0\" class=\"so-panel widget widget_sow-image panel-first-child panel-last-child\" data-index=\"1\" ><div class=\"panel-widget-style panel-widget-style-for-196-1-0-0\" ><div\n\t\t\t\n\t\t\tclass=\"so-widget-sow-image so-widget-sow-image-default-8b5b6f678277-196\"\n\t\t\t\n\t\t>\n<div class=\"sow-image-container\">\n\t\t<img loading=\"lazy\" decoding=\"async\" src=\"https:\/\/airborne.geophysicsgpr.com\/wp-content\/uploads\/sites\/8\/2015\/07\/Heliborne_Time_Domain_WEB.jpg\" width=\"4608\" height=\"3456\" srcset=\"https:\/\/airborne.geophysicsgpr.com\/wp-content\/uploads\/sites\/8\/2015\/07\/Heliborne_Time_Domain_WEB.jpg 4608w, https:\/\/airborne.geophysicsgpr.com\/wp-content\/uploads\/sites\/8\/2015\/07\/Heliborne_Time_Domain_WEB-300x225.jpg 300w, https:\/\/airborne.geophysicsgpr.com\/wp-content\/uploads\/sites\/8\/2015\/07\/Heliborne_Time_Domain_WEB-1024x768.jpg 1024w\" sizes=\"auto, (max-width: 4608px) 100vw, 4608px\" title=\"Airborne_techniques_Heliborne\" alt=\"Airborne_techniques_Heliborne\" \t\tclass=\"so-widget-image\"\/>\n\t<\/div>\n\n<\/div><\/div><\/div><\/div><div id=\"pgc-196-1-1\"  class=\"panel-grid-cell\" ><div id=\"panel-196-1-1-0\" class=\"so-panel widget widget_sow-image panel-first-child panel-last-child\" data-index=\"2\" ><div class=\"panel-widget-style panel-widget-style-for-196-1-1-0\" ><div\n\t\t\t\n\t\t\tclass=\"so-widget-sow-image so-widget-sow-image-default-8b5b6f678277-196\"\n\t\t\t\n\t\t>\n<div class=\"sow-image-container\">\n\t\t<img loading=\"lazy\" decoding=\"async\" src=\"https:\/\/airborne.geophysicsgpr.com\/wp-content\/uploads\/sites\/8\/2015\/07\/1.png\" width=\"1487\" height=\"637\" srcset=\"https:\/\/airborne.geophysicsgpr.com\/wp-content\/uploads\/sites\/8\/2015\/07\/1.png 1487w, https:\/\/airborne.geophysicsgpr.com\/wp-content\/uploads\/sites\/8\/2015\/07\/1-300x129.png 300w, https:\/\/airborne.geophysicsgpr.com\/wp-content\/uploads\/sites\/8\/2015\/07\/1-1024x439.png 1024w\" sizes=\"auto, (max-width: 1487px) 100vw, 1487px\" title=\"Airborne_techniques_Heliborne\" alt=\"Airborne_techniques_Heliborne\" \t\tclass=\"so-widget-image\"\/>\n\t<\/div>\n\n<\/div><\/div><\/div><\/div><\/div><\/div>","protected":false},"excerpt":{"rendered":"<p>Le GPRTEM est un syst\u00e8me de haute r\u00e9solution \u00e9lectromagn\u00e9tique transitoire h\u00e9liport\u00e9 dans le domaine du temps (TDEM) d\u00e9velopp\u00e9 par G\u00e9ophysique GPR International Inc. Ce puissant syst\u00e8me utilise un \u00e9metteur transitoire \u00e9galement appel\u00e9 domaine temporel \u00e9lectromagn\u00e9tique qui entra\u00eene un courant alternatif \u00e0 travers un syst\u00e8me de bobine \u00e9lectrique isol\u00e9e. Le r\u00e9cepteur GPRTEM est install\u00e9 dans un&#8230;  <a href=\"https:\/\/airborne.geophysicsgpr.com\/fr\/techniques\/electromagnetique-tdem-et-vlf\/heliporte-time-domain-em-gprtem\/\" class=\"more-link\" title=\"Read H\u00e9liport\u00e9 Time-Domain EM ( GPRTEM )\">Read more &raquo;<\/a><\/p>\n","protected":false},"author":1,"featured_media":632,"parent":189,"menu_order":0,"comment_status":"closed","ping_status":"closed","template":"page-full-width.php","meta":{"content-type":"","footnotes":""},"class_list":["post-196","page","type-page","status-publish","has-post-thumbnail","hentry"],"_links":{"self":[{"href":"https:\/\/airborne.geophysicsgpr.com\/fr\/wp-json\/wp\/v2\/pages\/196","targetHints":{"allow":["GET"]}}],"collection":[{"href":"https:\/\/airborne.geophysicsgpr.com\/fr\/wp-json\/wp\/v2\/pages"}],"about":[{"href":"https:\/\/airborne.geophysicsgpr.com\/fr\/wp-json\/wp\/v2\/types\/page"}],"author":[{"embeddable":true,"href":"https:\/\/airborne.geophysicsgpr.com\/fr\/wp-json\/wp\/v2\/users\/1"}],"replies":[{"embeddable":true,"href":"https:\/\/airborne.geophysicsgpr.com\/fr\/wp-json\/wp\/v2\/comments?post=196"}],"version-history":[{"count":13,"href":"https:\/\/airborne.geophysicsgpr.com\/fr\/wp-json\/wp\/v2\/pages\/196\/revisions"}],"predecessor-version":[{"id":1005,"href":"https:\/\/airborne.geophysicsgpr.com\/fr\/wp-json\/wp\/v2\/pages\/196\/revisions\/1005"}],"up":[{"embeddable":true,"href":"https:\/\/airborne.geophysicsgpr.com\/fr\/wp-json\/wp\/v2\/pages\/189"}],"wp:featuredmedia":[{"embeddable":true,"href":"https:\/\/airborne.geophysicsgpr.com\/fr\/wp-json\/wp\/v2\/media\/632"}],"wp:attachment":[{"href":"https:\/\/airborne.geophysicsgpr.com\/fr\/wp-json\/wp\/v2\/media?parent=196"}],"curies":[{"name":"wp","href":"https:\/\/api.w.org\/{rel}","templated":true}]}}