{"id":20,"date":"2015-07-22T14:16:51","date_gmt":"2015-07-22T14:16:51","guid":{"rendered":"http:\/\/airborne.geophysicsgpr.com\/?page_id=20"},"modified":"2018-07-30T16:53:49","modified_gmt":"2018-07-30T16:53:49","slug":"applications","status":"publish","type":"page","link":"https:\/\/airborne.geophysicsgpr.com\/fr\/applications\/","title":{"rendered":"Applications"},"content":{"rendered":"<div id=\"pl-20\"  class=\"panel-layout\" ><div id=\"pg-20-0\"  class=\"panel-grid panel-has-style\" ><div class=\"texte-home-right article panel-row-style panel-row-style-for-20-0\" ><div id=\"pgc-20-0-0\"  class=\"panel-grid-cell\" ><div id=\"panel-20-0-0-0\" class=\"so-panel widget widget_sow-editor panel-first-child panel-last-child\" data-index=\"0\" ><div\n\t\t\t\n\t\t\tclass=\"so-widget-sow-editor so-widget-sow-editor-base\"\n\t\t\t\n\t\t>\n<div class=\"siteorigin-widget-tinymce textwidget\">\n\t<p>G\u00e9ophysique GPR International inc. offre une vaste gamme de services et d'applications de g\u00e9ophysique appliqu\u00e9s \u00e0 une multitude de domaines.<\/p>\n<p>GPR compte sur une \u00e9quipe multidisciplinaire pouvant oeuvrer dans les domaines de la g\u00e9ophysique terrestre, marine et a\u00e9roport\u00e9e.<\/p>\n<p>G\u00e9ophysique GPR International fait tous les efforts pour maintenir une relation de confiance avec ses partenaires et clients, en s'assurant d'un travail \u00e0 leur enti\u00e8re satisfaction et en leur offrant des r\u00e9sultats de la plus haute qualit\u00e9. Nous sommes \u00e9galement fiers de notre certification ISO 9001:2015 du bureau chef de Longueuil au Canada.<\/p>\n<p>.La section\u00a0Applications du site vous guidera \u00e0 travers la vaste expertise de G\u00e9ophysique GPR International et vous permettra d'appr\u00e9cier les champs de comp\u00e9tences\u00a0de notre firme.<\/p>\n<h2 class=\"h2resize\">Les services et applications offerts par GPR comprennent plusieurs choses dont :<\/h2>\n<ul>\n<li>L\u2019a\u00e9roport\u00e9 comprend des lev\u00e9s h\u00e9liport\u00e9s \u00e0 multiples techniques (TDEM, MAG, Spectrom\u00e9trie et VLF) pour l\u2019exploration mini\u00e8re de m\u00e9taux de base, dor et d''uranium, de m\u00eame que la d\u00e9tection de pipelines et des \u00e9tudes environnementales;<\/li>\n<li>Les \u00e9tudes environnementales comme la cartographie de sols contamin\u00e9s, l'\u00e9tude de sources de contamination et les \u00e9tudes de type \u00ab phase 1 \u00bb. GPR oeuvre aussi dans l'hydrog\u00e9ologie et la recherche d'eau souterraine. Enfin GPR offre \u00e9galement des services de mesure de radioactivit\u00e9;<\/li>\n<li>Les \u00e9tudes g\u00e9ologiques et g\u00e9otechniques telles que la caract\u00e9risation et le profilage du sol et du roc, la d\u00e9tection de cavit\u00e9s et de zones d'affaissement, l'\u00e9tude de sites lors de la r\u00e9alisation de grands ouvrages, la s\u00e9curit\u00e9 des barrages et la d\u00e9termination de la profondeur de perg\u00e9lisol.<\/li>\n<\/ul>\n<p>Pour plus d'informations, veuillez contacter notre <a href=\"mailto: claude.robillard@gprmtl.com; olivier.letourneau@gprmtl.com; info@gprmtl.com\">\u00c9quipe de lev\u00e9 a\u00e9roport\u00e9<\/a>.<\/p>\n<\/div>\n<\/div><\/div><\/div><\/div><\/div><div id=\"pg-20-1\"  class=\"panel-grid panel-no-style\" ><div id=\"pgc-20-1-0\"  class=\"panel-grid-cell\" ><div id=\"panel-20-1-0-0\" class=\"so-panel widget widget_black-studio-tinymce widget_black_studio_tinymce panel-first-child panel-last-child\" data-index=\"1\" ><div class=\"textwidget\"><p><div id=\"wondergridgallerylightbox_options\" data-skinsfoldername=\"skins\/default\/\"  data-jsfolder=\"https:\/\/airborne.geophysicsgpr.com\/wp-content\/plugins\/wonderplugin-gridgallery\/engine\/\" style=\"display:none;\"><\/div>\r\n<style type=\"text\/css\">.wpp-btn-blue-medium {     background: rgba(59, 85, 104, 0.85); }  .wpp-btn-blue-medium:hover {     color: #fff;     background: #5E8BAD; }<\/style><style type=\"text\/css\">@import url(https:\/\/fonts.googleapis.com\/css?family=Open+Sans);  #wonderplugingridgallery-1 .wonderplugin-gridgallery-item-text {     text-align: center;     box-sizing: border-box;     -webkit-box-sizing: border-box;     -moz-box-sizing: border-box; }  #wonderplugingridgallery-1 .wonderplugin-gridgallery-item-title {     font-family: 'Open Sans', sans-serif;     font-size: 18px;     position: absolute;     left: 5px;     top: 5px;     width: 97.5%;     height: auto;     background-color: #fa4c06;     color: #fff;     padding: 12px 5px; }  #wonderplugingridgallery-1 .wonderplugin-gridgallery-item-description {     font-size: 12px; }  #wonderplugingridgallery-1 .wonderplugin-gridgallery-item-button {     position: absolute;     right: 20px;     bottom: 20px; }  #wonderplugingridgallery-1 .wonderplugin-gridgallery-item-container img:hover { }<\/style><div class=\"wonderplugingridgallery\" id=\"wonderplugingridgallery-1\" data-gridgalleryid=\"1\" data-width=\"450\" data-height=\"350\" data-skin=\"threecolumns\" data-random=\"false\" data-shownavigation=\"true\" data-hoverzoomin=\"false\" data-hoverzoominimageonly=\"true\" data-hoverzoominimagecenter=\"false\" data-hoverfade=\"false\" data-responsive=\"true\" data-mediumscreen=\"true\" data-smallscreen=\"true\" data-showtitle=\"true\" data-showtexttitle=\"true\" data-showtextdescription=\"false\" data-showtextbutton=\"true\" data-lightboxnogroup=\"false\" data-lightboxshowtitle=\"true\" data-lightboxshowdescription=\"false\" data-lightboxresponsive=\"true\" data-circularimage=\"false\" data-firstimage=\"false\" data-textinsidespace=\"false\" data-thumbwidth=\"90\" data-thumbheight=\"60\" data-thumbtopmargin=\"12\" data-thumbbottommargin=\"4\" data-barheight=\"64\" data-titlebottomcss=\"{color:#333; font-size:14px; font-family:Armata,sans-serif,Arial; overflow:hidden; text-align:left;}\" data-descriptionbottomcss=\"{color:#333; font-size:12px; font-family:Arial,Helvetica,sans-serif; overflow:hidden; text-align:left; margin:4px 0px 0px; padding: 0px;}\" data-googleanalyticsaccount=\"\" data-gap=\"4\" data-margin=\"10\" data-borderradius=\"0\" data-hoverzoominvalue=\"24\" data-hoverzoominduration=\"180\" data-hoverzoominimagescale=\"1.1\" data-hoverzoominimageduration=\"360\" data-hoverfadeopacity=\"0.8\" data-hoverfadeduration=\"300\" data-videoplaybutton=\"playvideo-64-64-0.png\" data-column=\"3\" data-mediumcolumn=\"2\" data-mediumscreensize=\"800\" data-smallcolumn=\"1\" data-smallscreensize=\"600\" data-titlemode=\"always\" data-titleeffect=\"fade\" data-titleeffectduration=\"500\" data-titleheight=\"0\" data-jsfolder=\"https:\/\/airborne.geophysicsgpr.com\/wp-content\/plugins\/wonderplugin-gridgallery\/engine\/\" data-skinsfoldername=\"skins\/default\/\" style=\"display:none;position:relative;margin:0 auto;width:100%;max-width:1358px;\" ><div class=\"wonderplugin-gridgallery-list\" style=\"display:block;position:relative;max-width:100%;margin:0 auto;\"><div class=\"wonderplugin-gridgallery-item\" data-row=\"1\" data-col=\"1\"><div class=\"wonderplugin-gridgallery-item-container\"><a href=\"http:\/\/airborne.geophysicsgpr.com\/fr\/applications\/exploration-miniere\/\" title=\"Exploration Miniere\" data-description=\"Au cours des 40 derni\u00e8res ann\u00e9es, G\u00e9ophysique GPR a r\u00e9alis\u00e9 plusieurs lev\u00e9s d'exploration mini\u00e8re pour de nombreux clients \u00e0 travers le monde.\" data-button=\"<a href=&quot;http:\/\/airborne.geophysicsgpr.com\/fr\/applications\/exploration-miniere\/&quot;><button class=&quot;wpp-btn-blue-medium&quot;>En savoir plus<\/button><\/a>\"><img decoding=\"async\" class=\"wonderplugin-gridgallery-item-img\" src=\"http:\/\/airborne.geophysicsgpr.com\/wp-content\/uploads\/sites\/8\/2015\/07\/exploration-miniere-1024x768.jpg\" \/><\/a><\/div><\/div><div class=\"wonderplugin-gridgallery-item\" data-row=\"1\" data-col=\"1\"><div class=\"wonderplugin-gridgallery-item-container\"><a href=\"http:\/\/airborne.geophysicsgpr.com\/fr\/applications\/exploration-gaziere-et-petroliere\/\" title=\"Exploration gazi\u00e8re et petroli\u00e8re\" data-description=\"Ses pratiques lui permettent de localiser pr\u00e9cis\u00e9ment des gisements de charbon, de gaz naturel ou de p\u00e9trole et ce, que les lev\u00e9s soient r\u00e9alis\u00e9s sur terre comme sur l'eau.\" data-button=\"<a href=&quot;http:\/\/airborne.geophysicsgpr.com\/fr\/applications\/exploration-gaziere-et-petroliere\/&quot;><button class=&quot;wpp-btn-blue-medium&quot;>En savoir plus<\/button><\/a>\"><img decoding=\"async\" class=\"wonderplugin-gridgallery-item-img\" src=\"http:\/\/airborne.geophysicsgpr.com\/wp-content\/uploads\/sites\/8\/2015\/07\/Exploration-gaziere-et-petroliere-768x1024.jpg\" \/><\/a><\/div><\/div><div class=\"wonderplugin-gridgallery-item\" data-row=\"1\" data-col=\"1\"><div class=\"wonderplugin-gridgallery-item-container\"><a href=\"http:\/\/airborne.geophysicsgpr.com\/fr\/applications\/environnement\/\" title=\"Environment\" data-description=\"Le g\u00e9oradar peut \u00eatre utilis\u00e9 pour d\u00e9tecter des objets enfouis, tels que des r\u00e9servoirs de stockage souterrains, des fondations de b\u00e2timents, des tunnels ainsi que des sites fun\u00e9raires.\" data-button=\"<a href=&quot;http:\/\/airborne.geophysicsgpr.com\/fr\/applications\/environnement\/&quot;><button class=&quot;wpp-btn-blue-medium&quot;>En savoir plus<\/button><\/a>\"><img decoding=\"async\" class=\"wonderplugin-gridgallery-item-img\" src=\"http:\/\/airborne.geophysicsgpr.com\/wp-content\/uploads\/sites\/8\/2015\/07\/Environmental-1-300x225.jpg\" \/><\/a><\/div><\/div><div class=\"wonderplugin-gridgallery-item\" data-row=\"1\" data-col=\"1\"><div class=\"wonderplugin-gridgallery-item-container\"><a href=\"http:\/\/airborne.geophysicsgpr.com\/fr\/applications\/geodesique\/\" title=\"G\u00e9od\u00e9sique\" data-description=\"Le nivellement GPS qui combine les hauteurs ellipso\u00efdales et g\u00e9o\u00efdes est une technologie n\u00e9cessaire qui soutiendra la r\u00e9alisation de futures activit\u00e9s de positionnement 3D dans leurs propres pays, tout en r\u00e9duisant leurs d\u00e9penses globales.\" data-button=\"<a href=&quot;http:\/\/airborne.geophysicsgpr.com\/fr\/applications\/geodesique\/&quot;><button class=&quot;wpp-btn-blue-medium&quot;>En savoir plus<\/button><\/a>\"><img decoding=\"async\" class=\"wonderplugin-gridgallery-item-img\" src=\"http:\/\/airborne.geophysicsgpr.com\/wp-content\/uploads\/sites\/8\/2015\/07\/tech_gravi.jpg\" \/><\/a><\/div><\/div><div class=\"wonderplugin-gridgallery-item\" data-row=\"1\" data-col=\"1\"><div class=\"wonderplugin-gridgallery-item-container\"><a href=\"http:\/\/airborne.geophysicsgpr.com\/fr\/applications\/geologie-et-geotechnique\/\" title=\"G\u00e9ologie et g\u00e9otechnique\" data-description=\"G\u00e9ophysique GPR dispose d'une grande exp\u00e9rience dans la cartographie des d\u00e9p\u00f4ts meubles et du roc ainsi que dans l'identification, parmi les nombreuses techniques de g\u00e9ologie et g\u00e9otechnique, de celles qui r\u00e9pondront le mieux selon le contexte.\" data-button=\"<a href=&quot;http:\/\/airborne.geophysicsgpr.com\/fr\/applications\/geologie-et-geotechnique\/&quot;><button class=&quot;wpp-btn-blue-medium&quot;>En savoir plus<\/button><\/a>\"><img decoding=\"async\" class=\"wonderplugin-gridgallery-item-img\" src=\"http:\/\/airborne.geophysicsgpr.com\/wp-content\/uploads\/sites\/8\/2015\/07\/Geology-and-Geotechnics-studies-1024x768.jpg\" \/><\/a><\/div><\/div><div style=\"clear:both;\"><\/div><\/div><div class=\"wonderplugin-gridgallery-engine\"><a href=\"http:\/\/www.wonderplugin.com\/wordpress-gridgallery\/\" title=\"WordPress Grid Gallery\">WordPress Grid Gallery<\/a><\/div><\/div><\/p>\n<\/div><\/div><\/div><\/div><\/div>","protected":false},"excerpt":{"rendered":"<p>G\u00e9ophysique GPR International inc. offre une vaste gamme de services et d&rsquo;applications de g\u00e9ophysique appliqu\u00e9s \u00e0 une multitude de domaines. GPR compte sur une \u00e9quipe multidisciplinaire pouvant oeuvrer dans les domaines de la g\u00e9ophysique terrestre, marine et a\u00e9roport\u00e9e. G\u00e9ophysique GPR International fait tous les efforts pour maintenir une relation de confiance avec ses partenaires et&#8230;  <a href=\"https:\/\/airborne.geophysicsgpr.com\/fr\/applications\/\" class=\"more-link\" title=\"Read Applications\">Read more &raquo;<\/a><\/p>\n","protected":false},"author":1,"featured_media":632,"parent":0,"menu_order":0,"comment_status":"closed","ping_status":"closed","template":"page-full-width.php","meta":{"content-type":"","footnotes":""},"class_list":["post-20","page","type-page","status-publish","has-post-thumbnail","hentry"],"_links":{"self":[{"href":"https:\/\/airborne.geophysicsgpr.com\/fr\/wp-json\/wp\/v2\/pages\/20","targetHints":{"allow":["GET"]}}],"collection":[{"href":"https:\/\/airborne.geophysicsgpr.com\/fr\/wp-json\/wp\/v2\/pages"}],"about":[{"href":"https:\/\/airborne.geophysicsgpr.com\/fr\/wp-json\/wp\/v2\/types\/page"}],"author":[{"embeddable":true,"href":"https:\/\/airborne.geophysicsgpr.com\/fr\/wp-json\/wp\/v2\/users\/1"}],"replies":[{"embeddable":true,"href":"https:\/\/airborne.geophysicsgpr.com\/fr\/wp-json\/wp\/v2\/comments?post=20"}],"version-history":[{"count":15,"href":"https:\/\/airborne.geophysicsgpr.com\/fr\/wp-json\/wp\/v2\/pages\/20\/revisions"}],"predecessor-version":[{"id":1107,"href":"https:\/\/airborne.geophysicsgpr.com\/fr\/wp-json\/wp\/v2\/pages\/20\/revisions\/1107"}],"wp:featuredmedia":[{"embeddable":true,"href":"https:\/\/airborne.geophysicsgpr.com\/fr\/wp-json\/wp\/v2\/media\/632"}],"wp:attachment":[{"href":"https:\/\/airborne.geophysicsgpr.com\/fr\/wp-json\/wp\/v2\/media?parent=20"}],"curies":[{"name":"wp","href":"https:\/\/api.w.org\/{rel}","templated":true}]}}