{"id":84,"date":"2015-07-22T15:45:29","date_gmt":"2015-07-22T15:45:29","guid":{"rendered":"http:\/\/airborne.geophysicsgpr.com\/?page_id=84"},"modified":"2017-03-06T21:17:49","modified_gmt":"2017-03-06T21:17:49","slug":"leve-aeroporte-par-avion","status":"publish","type":"page","link":"https:\/\/airborne.geophysicsgpr.com\/fr\/techniques\/magnetometrie\/leve-aeroporte-par-avion\/","title":{"rendered":"Lev\u00e9 a\u00e9roport\u00e9 par avion"},"content":{"rendered":"<div id=\"pl-84\"  class=\"panel-layout\" ><div id=\"pg-84-0\"  class=\"panel-grid panel-no-style\" ><div id=\"pgc-84-0-0\"  class=\"panel-grid-cell\" ><div id=\"panel-84-0-0-0\" class=\"so-panel widget widget_sow-editor panel-first-child panel-last-child\" data-index=\"0\" ><div class=\"texte-home-right article panel-widget-style panel-widget-style-for-84-0-0-0\" ><div\n\t\t\t\n\t\t\tclass=\"so-widget-sow-editor so-widget-sow-editor-base\"\n\t\t\t\n\t\t>\n<div class=\"siteorigin-widget-tinymce textwidget\">\n\t<h2 class=\"h2resize\">Le lev\u00e9 a\u00e9roport\u00e9 par avion\u00a0est r\u00e9alis\u00e9 gr\u00e2ce \u00e0 un magn\u00e9tom\u00e8tre embarqu\u00e9 dans le rostre de queue et\/ou au bout des ailes d\u2019un avion.<\/h2>\n<p>\u00a0<\/p>\n<p>Les lev\u00e9s a\u00e9romagn\u00e9tiques consistent \u00e0 mesurer le champ magn\u00e9tique terrestre afin de d\u00e9tecter les variations locales dues au magn\u00e9tisme et au ferro-magn\u00e9tisme des structures g\u00e9ologiques locales. Ces anomalies peuvent servir \u00e0 indiquer la pr\u00e9sence de concentrations de min\u00e9raux ferromagn\u00e9tiques \u00e0 l\u2019int\u00e9rieur de la cro\u00fbte terrestre, et permettent la visualisation de la structure g\u00e9ologique de la cro\u00fbte faisant partie du sous-sol, particuli\u00e8rement la g\u00e9om\u00e9trie spatiale du roc et la pr\u00e9sence de failles. Il s\u2019agit d\u2019un outil particuli\u00e8rement utile pour la cartographie g\u00e9ologique dans les endroits o\u00f9 le substratum rocheux est recouvert par du mort-terrain ou par une masse d\u2019eau.<\/p>\n<p>\u00a0<\/p>\n<p>Le principal d\u00e9fi est de soustraire l\u2019influence du champ magn\u00e9tique caus\u00e9 par l\u2019avion, sur les donn\u00e9es mesur\u00e9es par les magn\u00e9tom\u00e8tres. Pour ce faire, un magn\u00e9tom\u00e8tre fluxgate trois (3) axes de Barrington est mont\u00e9 \u00e0 la base de chaque magn\u00e9tom\u00e8tre. Les deux magn\u00e9tom\u00e8tres fluxgate mesurent l'orientation et les taux de variation du champ magn\u00e9tique de l'a\u00e9ronef \u00e0 la base de chaque magn\u00e9tom\u00e8tre par rapport au champ magn\u00e9tique de la Terre. Les coefficients de correction sont par la suite calcul\u00e9s \u00e0 partir d'une figure de m\u00e9rite (FOM) afin de permettre la compensation en temps r\u00e9el \u00e0 l\u2019aide du compensateur magn\u00e9tique ARC500 de RMS. Une compensation \u00e0 posteriori est aussi possible \u00e0 l\u2019aide de logiciel d\u00e9velopp\u00e9 \u00e0 cet effet.<\/p>\n<p>\u00a0<\/p>\n<p>Des magn\u00e9tom\u00e8tres peuvent \u00eatre install\u00e9s au bout de chaque aile formant un gradiom\u00e8tre magn\u00e9tique. Celui-ci est utilis\u00e9 pour enregistrer des donn\u00e9es \u00e0 haute r\u00e9solution magn\u00e9tique d'anomalies du champ magn\u00e9tique terrestre local. Le champ magn\u00e9tique total et les gradients horizontaux libres de variations diurnes ont \u00e9t\u00e9 enregistr\u00e9s en m\u00eame temps.<\/p>\n<p>\u00a0<\/p>\n<p>\u00a0<\/p>\n<p>Pour plus d'informations, veuillez contacter notre <a style=\"color: #3a5568\" href=\"mailto:info@geophysicsgpr.com\">\u00c9quipe de lev\u00e9 a\u00e9roport\u00e9<\/a>.<\/p>\n<\/div>\n<\/div><\/div><\/div><\/div><\/div><div id=\"pg-84-1\"  class=\"panel-grid panel-no-style\" ><div id=\"pgc-84-1-0\"  class=\"panel-grid-cell\" ><div id=\"panel-84-1-0-0\" class=\"so-panel widget widget_sow-image panel-first-child panel-last-child\" data-index=\"1\" ><div class=\"panel-widget-style panel-widget-style-for-84-1-0-0\" ><div\n\t\t\t\n\t\t\tclass=\"so-widget-sow-image so-widget-sow-image-default-8b5b6f678277-84\"\n\t\t\t\n\t\t>\n<div class=\"sow-image-container\">\n\t\t<img loading=\"lazy\" decoding=\"async\" src=\"https:\/\/airborne.geophysicsgpr.com\/wp-content\/uploads\/sites\/8\/2015\/07\/P1020205_WEB.jpg\" width=\"3648\" height=\"2736\" srcset=\"https:\/\/airborne.geophysicsgpr.com\/wp-content\/uploads\/sites\/8\/2015\/07\/P1020205_WEB.jpg 3648w, https:\/\/airborne.geophysicsgpr.com\/wp-content\/uploads\/sites\/8\/2015\/07\/P1020205_WEB-300x225.jpg 300w, https:\/\/airborne.geophysicsgpr.com\/wp-content\/uploads\/sites\/8\/2015\/07\/P1020205_WEB-1024x768.jpg 1024w\" sizes=\"auto, (max-width: 3648px) 100vw, 3648px\" title=\"Airborne_techniques_G\u00e9oradrar_a\u00e9ro\" alt=\"Magn\u00e9tom\u00e9trie a\u00e9roport\u00e9e\" \t\tclass=\"so-widget-image\"\/>\n\t<\/div>\n\n<\/div><\/div><\/div><\/div><div id=\"pgc-84-1-1\"  class=\"panel-grid-cell\" ><div id=\"panel-84-1-1-0\" class=\"so-panel widget widget_sow-image panel-first-child panel-last-child\" data-index=\"2\" ><div class=\"panel-widget-style panel-widget-style-for-84-1-1-0\" ><div\n\t\t\t\n\t\t\tclass=\"so-widget-sow-image so-widget-sow-image-default-8b5b6f678277-84\"\n\t\t\t\n\t\t>\n<div class=\"sow-image-container\">\n\t\t<img loading=\"lazy\" decoding=\"async\" src=\"https:\/\/airborne.geophysicsgpr.com\/wp-content\/uploads\/sites\/8\/2015\/07\/M11128_TMF_prelim_avion-Copy.jpg\" width=\"1394\" height=\"2146\" srcset=\"https:\/\/airborne.geophysicsgpr.com\/wp-content\/uploads\/sites\/8\/2015\/07\/M11128_TMF_prelim_avion-Copy.jpg 1394w, https:\/\/airborne.geophysicsgpr.com\/wp-content\/uploads\/sites\/8\/2015\/07\/M11128_TMF_prelim_avion-Copy-195x300.jpg 195w, https:\/\/airborne.geophysicsgpr.com\/wp-content\/uploads\/sites\/8\/2015\/07\/M11128_TMF_prelim_avion-Copy-665x1024.jpg 665w\" sizes=\"auto, (max-width: 1394px) 100vw, 1394px\" title=\"Airborne_techniques_G\u00e9oradrar_a\u00e9ro\" alt=\"Magn\u00e9tom\u00e9trie a\u00e9roport\u00e9e\" \t\tclass=\"so-widget-image\"\/>\n\t<\/div>\n\n<\/div><\/div><\/div><\/div><\/div><\/div>","protected":false},"excerpt":{"rendered":"<p>Le lev\u00e9 a\u00e9roport\u00e9 par avion\u00a0est r\u00e9alis\u00e9 gr\u00e2ce \u00e0 un magn\u00e9tom\u00e8tre embarqu\u00e9 dans le rostre de queue et\/ou au bout des ailes d\u2019un avion.\u00a0Les lev\u00e9s a\u00e9romagn\u00e9tiques consistent \u00e0 mesurer le champ magn\u00e9tique terrestre afin de d\u00e9tecter les variations locales dues au magn\u00e9tisme et au ferro-magn\u00e9tisme des structures g\u00e9ologiques locales. Ces anomalies peuvent servir \u00e0 indiquer la&#8230;  <a href=\"https:\/\/airborne.geophysicsgpr.com\/fr\/techniques\/magnetometrie\/leve-aeroporte-par-avion\/\" class=\"more-link\" title=\"Read Lev\u00e9 a\u00e9roport\u00e9 par avion\">Read more &raquo;<\/a><\/p>\n","protected":false},"author":1,"featured_media":632,"parent":77,"menu_order":0,"comment_status":"closed","ping_status":"closed","template":"page-full-width.php","meta":{"content-type":"","footnotes":""},"class_list":["post-84","page","type-page","status-publish","has-post-thumbnail","hentry"],"_links":{"self":[{"href":"https:\/\/airborne.geophysicsgpr.com\/fr\/wp-json\/wp\/v2\/pages\/84","targetHints":{"allow":["GET"]}}],"collection":[{"href":"https:\/\/airborne.geophysicsgpr.com\/fr\/wp-json\/wp\/v2\/pages"}],"about":[{"href":"https:\/\/airborne.geophysicsgpr.com\/fr\/wp-json\/wp\/v2\/types\/page"}],"author":[{"embeddable":true,"href":"https:\/\/airborne.geophysicsgpr.com\/fr\/wp-json\/wp\/v2\/users\/1"}],"replies":[{"embeddable":true,"href":"https:\/\/airborne.geophysicsgpr.com\/fr\/wp-json\/wp\/v2\/comments?post=84"}],"version-history":[{"count":24,"href":"https:\/\/airborne.geophysicsgpr.com\/fr\/wp-json\/wp\/v2\/pages\/84\/revisions"}],"predecessor-version":[{"id":1118,"href":"https:\/\/airborne.geophysicsgpr.com\/fr\/wp-json\/wp\/v2\/pages\/84\/revisions\/1118"}],"up":[{"embeddable":true,"href":"https:\/\/airborne.geophysicsgpr.com\/fr\/wp-json\/wp\/v2\/pages\/77"}],"wp:featuredmedia":[{"embeddable":true,"href":"https:\/\/airborne.geophysicsgpr.com\/fr\/wp-json\/wp\/v2\/media\/632"}],"wp:attachment":[{"href":"https:\/\/airborne.geophysicsgpr.com\/fr\/wp-json\/wp\/v2\/media?parent=84"}],"curies":[{"name":"wp","href":"https:\/\/api.w.org\/{rel}","templated":true}]}}